{"id":1091,"date":"2017-08-30T15:08:08","date_gmt":"2017-08-30T13:08:08","guid":{"rendered":"http:\/\/nms-graz-stjohann.at\/cms\/?page_id=1091"},"modified":"2025-05-21T21:56:25","modified_gmt":"2025-05-21T19:56:25","slug":"impressum","status":"publish","type":"page","link":"https:\/\/ms-graz-stjohann.at\/cms\/impressum\/","title":{"rendered":"Impressum"},"content":{"rendered":"<div id=\"pl-1091\"  class=\"panel-layout\" ><div id=\"pg-1091-0\"  class=\"panel-grid panel-no-style\" ><div id=\"pgc-1091-0-0\"  class=\"panel-grid-cell\" ><div id=\"panel-1091-0-0-0\" class=\"so-panel widget widget_sow-editor panel-first-child panel-last-child\" data-index=\"0\" ><div\n\t\t\t\n\t\t\tclass=\"so-widget-sow-editor so-widget-sow-editor-base\"\n\t\t\t\n\t\t>\n<div class=\"siteorigin-widget-tinymce textwidget\">\n\t<p style=\"text-align: center;\"><strong>Information gem. \u00a7 5 ECG und Offenlegung gem. \u00a7 25 MedienG<\/strong><\/p>\n<h4>Herausgeber und Eigent\u00fcmer<\/h4>\n<p><strong>Mittelschule Steiermark<br \/>\nMS Graz-St. Johann<\/strong><a href=\"https:\/\/goo.gl\/maps\/5Z1dY3qHoL82\" target=\"_blank\" rel=\"noopener noreferrer\"><br \/>\nMariatrosterstra\u00dfe 128, 8043 Graz<\/a><br \/>\nTel. (Direktion):\u00a0<a href=\"tel:00433168726705\">+43 (0) 316\/ 872 - 6705<\/a><br \/>\nE-Mail: <a href=\"mailto:ms.st.johann@stadt.graz.at\">ms.st.johann(@)stadt.graz.at<br \/>\nhttp:\/\/ms-graz-stjohann.at\/<\/a><br \/>\nSchulkennzahl: 601042<\/p>\n<h4>Hinweise<\/h4>\n<p>Grundlegende Richtung dieses Webportals: Die Internetseite der MS Graz-St. Johann soll Informationen \u00fcber diese Schule, ihre Schulform als Mittelschule und ihre Aktivit\u00e4ten geben. Links zu anderen Websites wurden sorgf\u00e4ltig ausgew\u00e4hlt. Auf deren Inhalt hat die MS St. Johann aber keinen Einfluss und kann daher keine diesbez\u00fcgliche Verantwortung \u00fcbernehmen. Durch die Digitalisierung von Daten k\u00f6nnen Fehler auftreten. Beim Einsatz unterschiedlicher Browser und aufgrund unterschiedlicher Software-Einstellungen sind bei der Darstellung der Daten Abweichungen nicht auszuschlie\u00dfen.<\/p>\n<\/div>\n<\/div><\/div><\/div><\/div><div id=\"pg-1091-1\"  class=\"panel-grid panel-no-style\" ><div id=\"pgc-1091-1-0\"  class=\"panel-grid-cell\" ><div id=\"panel-1091-1-0-0\" class=\"so-panel widget widget_sow-editor panel-first-child panel-last-child\" data-index=\"1\" ><div\n\t\t\t\n\t\t\tclass=\"so-widget-sow-editor so-widget-sow-editor-base\"\n\t\t\t\n\t\t><h3 class=\"widget-title\">Disclaimer<\/h3>\n<div class=\"siteorigin-widget-tinymce textwidget\">\n\t<h3>Haftung<\/h3>\n<p>S\u00e4mtliche Texte, Grafiken und Bilder auf der Website wurden sorgf\u00e4ltig gepr\u00fcft. Dessen ungeachtet kann keine Garantie f\u00fcr Richtigkeit, Vollst\u00e4ndigkeit und Aktualit\u00e4t der Angaben \u00fcbernommen werden.<\/p>\n<h3>Copyright<\/h3>\n<p>S\u00e4mtliche Texte, Grafiken und Bilder sind urheberrechtlich gesch\u00fctzt. Eine Verwendung ist nur f\u00fcr private Zwecke zul\u00e4ssig. Eine Weitergabe an Dritte bedarf der Zustimmung der Schule<\/p>\n<h3>Links<\/h3>\n<p>Der Herausgeber \u00fcbernimmt keine Haftung f\u00fcr den Inhalt der Seiten, auf die gelinkt wird. F\u00fcr Websites, die bedenkliche oder rechtswidrige Inhalte aufweisen, wird um Mitteilung ersucht; in einem solchen Falle wird der Link sofort gel\u00f6scht.<\/p>\n<h3 class=\"adsimple-211100605\">Datenschutz<\/h3>\n<p>Wir haben diese Datenschutzerkl\u00e4rung (Fassung 26.08.2019-211100605) verfasst, um Ihnen gem\u00e4\u00df der Vorgaben der Datenschutz-Grundverordnung (EU) 2016\/679 und dem\u00a0<a class=\"adsimple-211100605\" href=\"https:\/\/www.ris.bka.gv.at\/GeltendeFassung.wxe?Abfrage=Bundesnormen&amp;Gesetzesnummer=10001597&amp;tid=211100605\" target=\"_blank\" rel=\"noopener nofollow\">Datenschutzgesetz (DSG)<\/a>\u00a0zu erkl\u00e4ren, welche Informationen wir sammeln, wie wir Daten verwenden und welche Entscheidungsm\u00f6glichkeiten Sie als Besucher dieser Webseite haben.<\/p>\n<p>Leider liegt es in der Natur der Sache, dass diese Erkl\u00e4rungen sehr technisch klingen. Wir haben uns bei der Erstellung jedoch bem\u00fcht die wichtigsten Dinge so einfach und klar wie m\u00f6glich zu beschreiben.<\/p>\n<h3 class=\"adsimple-211100605\">Cookies<\/h3>\n<p>Unsere Website verwendet HTTP-Cookies um nutzerspezifische Daten zu speichern.<br \/>\nIm Folgenden erkl\u00e4ren wir, was Cookies sind und warum Sie genutzt werden, damit Sie die folgende Datenschutzerkl\u00e4rung besser verstehen.<\/p>\n<h4 class=\"adsimple-211100605\">Was genau sind Cookies?<\/h4>\n<p>Immer wenn Sie durch das Internet surfen, verwenden Sie einen Browser. Bekannte Browser sind beispielsweise Chrome, Safari, Firefox, Internet Explorer und Microsoft Edge. Die meisten Webseiten speichern kleine Text-Dateien in Ihrem Browser. Diese Dateien nennt man Cookies.<\/p>\n<p>Eines ist nicht von der Hand zu weisen: Cookies sind echt n\u00fctzliche Helferlein. Fast alle Webseiten verwenden\u00a0Cookies. Genauer gesprochen sind es HTTP-Cookies, da es auch noch anderer Cookies f\u00fcr andere Anwendungsbereiche gibt. HTTP-Cookies\u00a0sind kleine Dateien, die von unserer Website auf Ihrem Computer gespeichert werden. Diese Cookie-Dateien werden automatisch im Cookie-Ordner, quasi dem \u201eHirn\u201c Ihres Browsers, untergebracht. Ein Cookie besteht aus einem Namen und einem Wert. Bei der Definition eines Cookies m\u00fcssen zus\u00e4tzlich ein oder mehrere Attribute angegeben werden.<\/p>\n<p>Cookies\u00a0speichern gewisse Nutzerdaten von Ihnen, wie beispielsweise Sprache oder pers\u00f6nliche Seiteneinstellungen. Wenn Sie unsere Seite wieder aufrufen, \u00fcbermittelt Ihr Browser die \u201euserbezogenen\u201c Informationen an unsere Seite zur\u00fcck. Dank der Cookies wei\u00df unsere Website, wer Sie sind und bietet Ihnen Ihre gewohnte Standardeinstellung. In einigen Browsern hat jedes\u00a0Cookie\u00a0eine eigene Datei, in anderen wie beispielsweise Firefox sind alle\u00a0Cookies\u00a0in einer einzigen Datei gespeichert.<\/p>\n<p>Es gibt sowohl Erstanbieter Cookies als auch Drittanbieter-Cookies. Erstanbieter-Cookies werden direkt von unserer Seite erstellt, Drittanbieter-Cookies werden von Partner-Webseiten (z.B. Google Analytics) erstellt.\u00a0Jedes Cookie ist individuell zu bewerten, da jedes Cookie andere Daten speichert. Auch die Ablaufzeit eines Cookies variiert von ein paar Minuten bis hin zu ein paar Jahren.\u00a0Cookies sind keine Software-Programme und enthalten keine Viren, Trojaner oder andere \u201eSch\u00e4dlinge\u201c. Cookies k\u00f6nnen auch nicht auf Informationen Ihres PCs zugreifen.<\/p>\n<p>So k\u00f6nnen zum Beispiel Cookie-Daten aussehen:<\/p>\n<ul class=\"adsimple-211100605\">\n<li class=\"adsimple-211100605\">Name: _ga<\/li>\n<li class=\"adsimple-211100605\">Ablaufzeit: 2 Jahre<\/li>\n<li class=\"adsimple-211100605\">Verwendung: Unterscheidung der Webseitenbesucher<\/li>\n<li class=\"adsimple-211100605\">Beispielhafter Wert:\u00a0GA1.2.1326744211.152211100605<\/li>\n<\/ul>\n<p>Ein Browser sollte folgende Mindestgr\u00f6\u00dfen unterst\u00fctzen:<\/p>\n<ul class=\"adsimple-211100605\">\n<li class=\"adsimple-211100605\">Ein Cookie soll mindestens 4096 Bytes enthalten k\u00f6nnen<\/li>\n<li class=\"adsimple-211100605\">Pro Domain sollen mindestens 50 Cookies gespeichert werden k\u00f6nnen<\/li>\n<li class=\"adsimple-211100605\">Insgesamt sollen mindestens 3000 Cookies gespeichert werden k\u00f6nnen<\/li>\n<\/ul>\n<h4 class=\"adsimple-211100605\">Welche Arten von Cookies gibt es?<\/h4>\n<p>Die Frage welche Cookies wir im Speziellen verwenden, h\u00e4ngt von den verwendeten Diensten ab und wird in der folgenden Abschnitten der Datenschutzerkl\u00e4rung gekl\u00e4rt. An dieser Stelle m\u00f6chten wir kurz auf die verschiedenen Arten von HTTP-Cookies eingehen.<\/p>\n<p>Man kann 4 Arten von Cookies unterscheiden:<\/p>\n<p><strong class=\"adsimple-211100605\">Unbedingt notwendige Cookies<br \/>\n<\/strong>Diese Cookies sind n\u00f6tig, um grundlegende Funktionen der Website sicherzustellen. Zum Beispiel braucht es diese Cookies, wenn ein User ein Produkt in den Warenkorb legt, dann auf anderen Seiten weitersurft und sp\u00e4ter erst zur Kasse geht. Durch diese Cookies wird der Warenkorb nicht gel\u00f6scht, selbst wenn der User sein Browserfenster schlie\u00dft.<\/p>\n<p><strong class=\"adsimple-211100605\">Funktionelle Cookies<br \/>\n<\/strong>Diese Cookies sammeln Infos \u00fcber das Userverhalten und ob der User etwaige Fehlermeldungen bekommt. Zudem werden mithilfe dieser Cookies auch die Ladezeit und das Verhalten der Website bei verschiedenen Browsern gemessen.<\/p>\n<p><strong class=\"adsimple-211100605\">Zielorientierte Cookies<br \/>\n<\/strong>Diese Cookies sorgen f\u00fcr eine bessere Nutzerfreundlichkeit. Beispielsweise werden eingegebene Standorte, Schriftgr\u00f6\u00dfen oder Formulardaten gespeichert.<\/p>\n<p><strong class=\"adsimple-211100605\">Werbe-Cookies<br \/>\n<\/strong>Diese Cookies werden auch Targeting-Cookies genannt. Sie dienen dazu dem User individuell angepasste Werbung zu liefern. Das kann sehr praktisch, aber auch sehr nervig sein.<\/p>\n<p>\u00dcblicherweise werden Sie beim erstmaligen Besuch einer Webseite gefragt, welche dieser Cookiearten Sie zulassen m\u00f6chten. Und nat\u00fcrlich wird diese Entscheidung auch in einem Cookie gespeichert.<\/p>\n<h4 class=\"adsimple-211100605\">Wie kann ich Cookies l\u00f6schen?<\/h4>\n<p>Wie und ob Sie Cookies verwenden wollen, entscheiden Sie selbst. Unabh\u00e4ngig von welchem Service oder welcher Website die Cookies stammen, haben Sie immer die M\u00f6glichkeit\u00a0Cookies zu l\u00f6schen, nur teilweise zuzulassen oder zu deaktivieren. Zum Beispiel k\u00f6nnen Sie Cookies von Drittanbietern blockieren, aber alle anderen Cookies zulassen.<\/p>\n<p>Wenn Sie feststellen m\u00f6chten, welche Cookies in Ihrem Browser gespeichert wurden, wenn Sie Cookie-Einstellungen \u00e4ndern oder l\u00f6schen wollen, k\u00f6nnen Sie dies in Ihren Browser-Einstellungen finden:<\/p>\n<p><a class=\"adsimple-211100605\" href=\"https:\/\/support.google.com\/chrome\/answer\/95647?tid=211100605\" rel=\"nofollow\">Chrome: Cookies in Chrome l\u00f6schen, aktivieren und verwalten<\/a><\/p>\n<p><a class=\"adsimple-211100605\" href=\"https:\/\/support.apple.com\/de-at\/guide\/safari\/sfri11471\/mac?tid=211100605\" rel=\"nofollow\">Safari: Verwalten von Cookies und Websitedaten mit Safari<\/a><\/p>\n<p><a class=\"adsimple-211100605\" href=\"https:\/\/support.mozilla.org\/de\/kb\/cookies-und-website-daten-in-firefox-loschen?tid=211100605\" rel=\"nofollow\">Firefox: Cookies l\u00f6schen, um Daten zu entfernen, die Websites auf Ihrem Computer abgelegt haben<\/a><\/p>\n<p><a class=\"adsimple-211100605\" href=\"https:\/\/support.microsoft.com\/de-at\/help\/17442\/windows-internet-explorer-delete-manage-cookies?tid=211100605\" rel=\"nofollow\">Internet Explorer: L\u00f6schen und Verwalten von Cookies<\/a><\/p>\n<p><a class=\"adsimple-211100605\" href=\"https:\/\/support.microsoft.com\/de-at\/help\/4027947\/windows-delete-cookies?tid=211100605\" rel=\"nofollow\">Microsoft Edge: L\u00f6schen und Verwalten von Cookies<\/a><\/p>\n<p>Falls Sie grunds\u00e4tzlich keine Cookies haben wollen, k\u00f6nnen Sie Ihren Browser so einrichten, dass er Sie immer informiert, wenn ein Cookie gesetzt werden soll. So k\u00f6nnen Sie bei jedem einzelnen Cookie entscheiden, ob Sie das Cookie erlauben oder nicht. Die Vorgangsweise ist je nach Browser verschieden. Am besten ist es Sie suchen die Anleitung in Google mit dem Suchbegriff \u201cCookies l\u00f6schen Chrome\u201d oder \u201eCookies deaktivieren Chrome\u201c im Falle eines Chrome Browsers oder tauschen das Wort \u201eChrome\u201c gegen den Namen Ihres Browsers, z.B. Edge, Firefox, Safari aus.<\/p>\n<h4 class=\"adsimple-211100605\">Wie sieht es mit meinem Datenschutz aus?<\/h4>\n<p>Seit 2009 gibt es die sogenannten \u201eCookie-Richtlinien\u201c. Darin ist festgehalten, dass das Speichern von Cookies eine Einwilligung des Website-Besuchers (also von Ihnen) verlangt. Innerhalb der EU-L\u00e4nder gibt es allerdings noch sehr unterschiedliche Reaktionen auf diese Richtlinien. In \u00d6sterreich erfolgte aber die Umsetzung dieser Richtlinie in \u00a7 96 Abs. 3 des Telekommunikationsgesetzes (TKG).<\/p>\n<p>Wenn Sie mehr \u00fcber Cookies wissen m\u00f6chten und vor technischen Dokumentationen nicht zur\u00fcckscheuen, empfehlen wir\u00a0<a class=\"adsimple-211100605\" href=\"https:\/\/tools.ietf.org\/html\/rfc6265\" target=\"_blank\" rel=\"nofollow noopener\">https:\/\/tools.ietf.org\/html\/rfc6265<\/a>, dem Request for Comments der Internet Engineering Task Force (IETF) namens \u201eHTTP State Management Mechanism\u201c.<\/p>\n<p>Quelle: Erstellt\u00a0mit dem\u00a0<a title=\"Datenschutz Generator von firmenwebseiten.at\" href=\"https:\/\/www.firmenwebseiten.at\/datenschutz-generator\/\" target=\"_blank\" rel=\"follow noopener\">Datenschutz Generator von firmenwebseiten.at<\/a>\u00a0in Kooperation mit\u00a0<a class=\"external\" title=\"\" href=\"https:\/\/www.holidao.at\/\" target=\"_blank\" rel=\"follow noopener\">holidao.at<\/a><\/p>\n<p>Die Website selbst befindet sich auf einem Server von all-inkl.com - Neue Medien M\u00fcnnich; dort werden die \u00fcblichen Auswertungen \u00fcber den Besucherverkehr get\u00e4tigt, auf die wir keinen Einfluss haben. Die Daten werden an niemanden weitergegeben und von uns, mit Ausnahme der reinen Statistik-Zahlen, auch nicht gespeichert. Auf die Namensnennung der Sch\u00fclerinnen und Sch\u00fcler haben wir bewusst verzichtet. Wir weisen darauf hin, dass die Daten\u00fcbertragung im Internet (z.B. bei der Kommunikation per E-Mail) Sicherheitsl\u00fccken aufweisen kann. Ein l\u00fcckenloser Schutz der Daten vor dem Zugriff durch Dritte ist nicht m\u00f6glich.<\/p>\n<p><strong>Kontakt: <\/strong><a href=\"mailto:ms.st.johann@stadt.graz.at\">ms.st.johann@stadt.graz.at\u00a0<\/a><\/p>\n<\/div>\n<\/div><\/div><\/div><\/div><\/div>","protected":false},"excerpt":{"rendered":"<p>Information gem. \u00a7 5 ECG und Offenlegung gem. \u00a7 25 MedienG Herausgeber und Eigent\u00fcmer Mittelschule Steiermark MS Graz-St. Johann Mariatrosterstra\u00dfe 128, 8043 Graz Tel. (Direktion):\u00a0+43 (0) 316\/ 872 &#8211; 6705 E-Mail: ms.st.johann(@)stadt.graz.at http:\/\/ms-graz-stjohann.at\/ Schulkennzahl: 601042 Hinweise Grundlegende Richtung dieses Webportals: Die Internetseite der MS Graz-St. Johann soll Informationen \u00fcber diese Schule, ihre Schulform als Mittelschule [&hellip;]<\/p>\n","protected":false},"author":2,"featured_media":1290,"parent":0,"menu_order":0,"comment_status":"closed","ping_status":"closed","template":"","meta":{"_uag_custom_page_level_css":"","footnotes":""},"class_list":["post-1091","page","type-page","status-publish","has-post-thumbnail","czr-hentry"],"uagb_featured_image_src":{"full":["https:\/\/ms-graz-stjohann.at\/cms\/wp-content\/uploads\/2017\/08\/IMG_20150505_085046_panorama.jpg",16382,2252,false],"thumbnail":["https:\/\/ms-graz-stjohann.at\/cms\/wp-content\/uploads\/2017\/08\/IMG_20150505_085046_panorama-150x150.jpg",150,150,true],"medium":["https:\/\/ms-graz-stjohann.at\/cms\/wp-content\/uploads\/2017\/08\/IMG_20150505_085046_panorama-300x41.jpg",300,41,true],"medium_large":["https:\/\/ms-graz-stjohann.at\/cms\/wp-content\/uploads\/2017\/08\/IMG_20150505_085046_panorama-768x106.jpg",768,106,true],"large":["https:\/\/ms-graz-stjohann.at\/cms\/wp-content\/uploads\/2017\/08\/IMG_20150505_085046_panorama-1024x141.jpg",1024,141,true],"1536x1536":["https:\/\/ms-graz-stjohann.at\/cms\/wp-content\/uploads\/2017\/08\/IMG_20150505_085046_panorama.jpg",1536,211,false],"2048x2048":["https:\/\/ms-graz-stjohann.at\/cms\/wp-content\/uploads\/2017\/08\/IMG_20150505_085046_panorama.jpg",2048,282,false],"tc-grid-full":["https:\/\/ms-graz-stjohann.at\/cms\/wp-content\/uploads\/2017\/08\/IMG_20150505_085046_panorama-1110x444.jpg",1110,444,true],"tc-grid":["https:\/\/ms-graz-stjohann.at\/cms\/wp-content\/uploads\/2017\/08\/IMG_20150505_085046_panorama-570x350.jpg",570,350,true],"tc-thumb":["https:\/\/ms-graz-stjohann.at\/cms\/wp-content\/uploads\/2017\/08\/IMG_20150505_085046_panorama-270x250.jpg",270,250,true],"slider-full":["https:\/\/ms-graz-stjohann.at\/cms\/wp-content\/uploads\/2017\/08\/IMG_20150505_085046_panorama-9999x325.jpg",9999,325,true],"slider":["https:\/\/ms-graz-stjohann.at\/cms\/wp-content\/uploads\/2017\/08\/IMG_20150505_085046_panorama-1110x325.jpg",1110,325,true],"tc-sq-thumb":["https:\/\/ms-graz-stjohann.at\/cms\/wp-content\/uploads\/2017\/08\/IMG_20150505_085046_panorama-510x510.jpg",510,510,true],"tc-ws-thumb":["https:\/\/ms-graz-stjohann.at\/cms\/wp-content\/uploads\/2017\/08\/IMG_20150505_085046_panorama-1110x624.jpg",1110,624,true],"tc-ws-small-thumb":["https:\/\/ms-graz-stjohann.at\/cms\/wp-content\/uploads\/2017\/08\/IMG_20150505_085046_panorama-528x297.jpg",528,297,true],"tc-slider-small":["https:\/\/ms-graz-stjohann.at\/cms\/wp-content\/uploads\/2017\/08\/IMG_20150505_085046_panorama-517x152.jpg",517,152,true],"sow-carousel-default":["https:\/\/ms-graz-stjohann.at\/cms\/wp-content\/uploads\/2017\/08\/IMG_20150505_085046_panorama-272x182.jpg",272,182,true]},"uagb_author_info":{"display_name":"Christina-Karola Wurm","author_link":"https:\/\/ms-graz-stjohann.at\/cms\/author\/christina-wurm\/"},"uagb_comment_info":0,"uagb_excerpt":"Information gem. \u00a7 5 ECG und Offenlegung gem. \u00a7 25 MedienG Herausgeber und Eigent\u00fcmer Mittelschule Steiermark MS Graz-St. Johann Mariatrosterstra\u00dfe 128, 8043 Graz Tel. (Direktion):\u00a0+43 (0) 316\/ 872 - 6705 E-Mail: ms.st.johann(@)stadt.graz.at http:\/\/ms-graz-stjohann.at\/ Schulkennzahl: 601042 Hinweise Grundlegende Richtung dieses Webportals: Die Internetseite der MS Graz-St. Johann soll Informationen \u00fcber diese Schule, ihre Schulform als Mittelschule&hellip;","_links":{"self":[{"href":"https:\/\/ms-graz-stjohann.at\/cms\/wp-json\/wp\/v2\/pages\/1091","targetHints":{"allow":["GET"]}}],"collection":[{"href":"https:\/\/ms-graz-stjohann.at\/cms\/wp-json\/wp\/v2\/pages"}],"about":[{"href":"https:\/\/ms-graz-stjohann.at\/cms\/wp-json\/wp\/v2\/types\/page"}],"author":[{"embeddable":true,"href":"https:\/\/ms-graz-stjohann.at\/cms\/wp-json\/wp\/v2\/users\/2"}],"replies":[{"embeddable":true,"href":"https:\/\/ms-graz-stjohann.at\/cms\/wp-json\/wp\/v2\/comments?post=1091"}],"version-history":[{"count":10,"href":"https:\/\/ms-graz-stjohann.at\/cms\/wp-json\/wp\/v2\/pages\/1091\/revisions"}],"predecessor-version":[{"id":8889,"href":"https:\/\/ms-graz-stjohann.at\/cms\/wp-json\/wp\/v2\/pages\/1091\/revisions\/8889"}],"wp:featuredmedia":[{"embeddable":true,"href":"https:\/\/ms-graz-stjohann.at\/cms\/wp-json\/wp\/v2\/media\/1290"}],"wp:attachment":[{"href":"https:\/\/ms-graz-stjohann.at\/cms\/wp-json\/wp\/v2\/media?parent=1091"}],"curies":[{"name":"wp","href":"https:\/\/api.w.org\/{rel}","templated":true}]}}