{"id":16,"date":"2017-06-26T17:06:17","date_gmt":"2017-06-26T15:06:17","guid":{"rendered":"http:\/\/nms-graz-stjohann.at\/cms\/?page_id=16"},"modified":"2024-12-06T11:02:19","modified_gmt":"2024-12-06T10:02:19","slug":"nachmittagsbetreuung","status":"publish","type":"page","link":"https:\/\/ms-graz-stjohann.at\/cms\/unsere-schule\/nachmittagsbetreuung\/","title":{"rendered":"Nachmittagsbetreuung"},"content":{"rendered":"<div id=\"pl-16\"  class=\"panel-layout\" ><div id=\"pg-16-0\"  class=\"panel-grid panel-no-style\" ><div id=\"pgc-16-0-0\"  class=\"panel-grid-cell\" ><div id=\"panel-16-0-0-0\" class=\"so-panel widget widget_sow-editor panel-first-child\" data-index=\"0\" ><div\n\t\t\t\n\t\t\tclass=\"so-widget-sow-editor so-widget-sow-editor-base\"\n\t\t\t\n\t\t>\n<div class=\"siteorigin-widget-tinymce textwidget\">\n\t<p>Wir bieten seit dem Schuljahr 2015\/16 eine\u00a0<strong>Nachmittagsbetreuung<\/strong>\u00a0an.<\/p>\n<p>Die Sch\u00fclerinnen und Sch\u00fcler nehmen nach dem Unterricht das <strong>Mittagessen<\/strong> im Speiseraum (Volksschulbereich) ein und erledigen danach gemeinsam die <strong>Haus\u00fcbungen<\/strong> und Lernaufgaben. F\u00fcr die Erledigung der Hausaufgaben stehen den Sch\u00fclerinnen und Sch\u00fclern Lehrpersonen zur Verf\u00fcgung, um bei Fragen und Problemen helfen zu k\u00f6nnen.<\/p>\n<p>Zum Lernen, Spielen und f\u00fcr kreative Bet\u00e4tigungen stehen uns R\u00e4umlichkeiten im Erdgeschoss und unser\u00a0sch\u00f6ner Garten\u00a0zur Verf\u00fcgung. Im anschlie\u00dfenden <strong>Freizeitprogramm<\/strong> werden Spiele, Sport \u00a0und kreative Bereiche geboten. An der\u00a0Nachmittagsbetreuung, die l\u00e4ngstens bis 17.00 Uhr in Anspruch genommen werden kann, nehmen Sch\u00fclerinnen und Sch\u00fcler aus verschiedenen Klassen teil. Die Anmeldung zur Nachmittagsbetreuung kann f\u00fcr einzelne Tage oder die ganze Woche erfolgen.<\/p>\n<\/div>\n<\/div><\/div><div id=\"panel-16-0-0-1\" class=\"so-panel widget widget_sow-image\" data-index=\"1\" ><div\n\t\t\t\n\t\t\tclass=\"so-widget-sow-image so-widget-sow-image-default-8b5b6f678277-16\"\n\t\t\t\n\t\t>\n<div class=\"sow-image-container\">\n\t\t<img \n\tsrc=\"https:\/\/ms-graz-stjohann.at\/cms\/wp-content\/uploads\/2022\/03\/2404_Maria-Buchhas_Foto_Leitung-Nachmi-225x300.jpeg\" width=\"225\" height=\"300\" srcset=\"https:\/\/ms-graz-stjohann.at\/cms\/wp-content\/uploads\/2022\/03\/2404_Maria-Buchhas_Foto_Leitung-Nachmi-225x300.jpeg 225w, https:\/\/ms-graz-stjohann.at\/cms\/wp-content\/uploads\/2022\/03\/2404_Maria-Buchhas_Foto_Leitung-Nachmi-769x1024.jpeg 769w, https:\/\/ms-graz-stjohann.at\/cms\/wp-content\/uploads\/2022\/03\/2404_Maria-Buchhas_Foto_Leitung-Nachmi-768x1023.jpeg 768w, https:\/\/ms-graz-stjohann.at\/cms\/wp-content\/uploads\/2022\/03\/2404_Maria-Buchhas_Foto_Leitung-Nachmi-1153x1536.jpeg 1153w, https:\/\/ms-graz-stjohann.at\/cms\/wp-content\/uploads\/2022\/03\/2404_Maria-Buchhas_Foto_Leitung-Nachmi-1538x2048.jpeg 1538w, https:\/\/ms-graz-stjohann.at\/cms\/wp-content\/uploads\/2022\/03\/2404_Maria-Buchhas_Foto_Leitung-Nachmi.jpeg 1622w\" sizes=\"(max-width: 225px) 100vw, 225px\" alt=\"\" \t\tclass=\"so-widget-image\"\/>\n\t<\/div>\n\n<\/div><\/div><div id=\"panel-16-0-0-2\" class=\"so-panel widget widget_sow-editor panel-last-child\" data-index=\"2\" ><div\n\t\t\t\n\t\t\tclass=\"so-widget-sow-editor so-widget-sow-editor-base\"\n\t\t\t\n\t\t>\n<div class=\"siteorigin-widget-tinymce textwidget\">\n\t<p>Die Leitung der Nachmittagsbetreuung obliegt <strong>Maria Buchhas<\/strong>, die mit viel Engagement und guten Ideen die Nachmittage mit den Sch\u00fclerinnen und Sch\u00fclern gestaltet.<\/p>\n<\/div>\n<\/div><\/div><\/div><div id=\"pgc-16-0-1\"  class=\"panel-grid-cell\" ><div id=\"panel-16-0-1-0\" class=\"so-panel widget widget_sow-button panel-first-child\" data-index=\"3\" ><div\n\t\t\t\n\t\t\tclass=\"so-widget-sow-button so-widget-sow-button-flat-b65721300150-16\"\n\t\t\t\n\t\t><div class=\"ow-button-base ow-button-align-left\"\n>\n\t\t\t<a\n\t\t\t\t\thref=\"https:\/\/abi.app.graz.at\/kinderverwaltung\/kids\/custom\/anmeldung\/vormerkung_eltern_new.php\"\n\t\t\t\t\tclass=\"sowb-button ow-icon-placement-left ow-button-hover\" target=\"_blank\" rel=\"noopener noreferrer\" \t>\n\t\t<span>\n\t\t\t<span class=\"sow-icon-fontawesome sow-fas\" data-sow-icon=\"&#xf2bb;\"\n\t\tstyle=\"\" \n\t\taria-hidden=\"true\"><\/span>\n\t\t\tAnmeldung\t\t<\/span>\n\t\t\t<\/a>\n\t<\/div>\n<\/div><\/div><div id=\"panel-16-0-1-1\" class=\"so-panel widget widget_sow-editor\" data-index=\"4\" ><div\n\t\t\t\n\t\t\tclass=\"so-widget-sow-editor so-widget-sow-editor-base\"\n\t\t\t\n\t\t>\n<div class=\"siteorigin-widget-tinymce textwidget\">\n\t<p>Die Anmeldung zur Nachmittagsbetreuung kann \u00fcber ein <a href=\"https:\/\/www.graz.at\/cms\/beitrag\/10027079\/7745020\/Tagesbetreuung_an_Schulen.html\" target=\"_blank\" rel=\"noopener\">Online-Formular<\/a> bei der Stadt Graz durchgef\u00fchrt werden.<\/p>\n<\/div>\n<\/div><\/div><div id=\"panel-16-0-1-2\" class=\"so-panel widget widget_sow-button\" data-index=\"5\" ><div\n\t\t\t\n\t\t\tclass=\"so-widget-sow-button so-widget-sow-button-flat-d38226751fba-16\"\n\t\t\t\n\t\t><div class=\"ow-button-base ow-button-align-left\"\n>\n\t\t\t<a\n\t\t\t\t\thref=\"http:\/\/ms-graz-stjohann.at\/cms\/wp-content\/uploads\/2022\/03\/2411_Organisationsplan_MS-St-Johann_Gruppe1.pdf\"\n\t\t\t\t\tclass=\"sowb-button ow-icon-placement-left ow-button-hover\" target=\"_blank\" rel=\"noopener noreferrer\" \t>\n\t\t<span>\n\t\t\t<span class=\"sow-icon-fontawesome sow-fas\" data-sow-icon=\"&#xf138;\"\n\t\tstyle=\"\" \n\t\taria-hidden=\"true\"><\/span>\n\t\t\tOrganisationsplan\t\t<\/span>\n\t\t\t<\/a>\n\t<\/div>\n<\/div><\/div><div id=\"panel-16-0-1-3\" class=\"so-panel widget widget_sow-editor panel-last-child\" data-index=\"6\" ><div\n\t\t\t\n\t\t\tclass=\"so-widget-sow-editor so-widget-sow-editor-base\"\n\t\t\t\n\t\t>\n<div class=\"siteorigin-widget-tinymce textwidget\">\n\t<div style=\"text-align: justify;\">In diesem <a href=\"http:\/\/ms-graz-stjohann.at\/cms\/wp-content\/uploads\/2022\/03\/2411_Organisationsplan_MS-St-Johann_Gruppe1.pdf\">Organisationsplan<\/a> finden Sie eine \u00dcbersicht \u00fcber den zeitlichen Ablauf der Nachmittagsbetreuung und die sportlichen Aktivit\u00e4ten am Nachmittag. Zus\u00e4tzlich gibt der Plan Auskunft dar\u00fcber, an welchen Tagen welche Lehrer\/innen f\u00fcr die Lernbetreuung zust\u00e4ndig sind.<\/div>\n<\/div>\n<\/div><\/div><\/div><\/div><\/div>","protected":false},"excerpt":{"rendered":"<p>Wir bieten seit dem Schuljahr 2015\/16 eine\u00a0Nachmittagsbetreuung\u00a0an. Die Sch\u00fclerinnen und Sch\u00fcler nehmen nach dem Unterricht das Mittagessen im Speiseraum (Volksschulbereich) ein und erledigen danach gemeinsam die Haus\u00fcbungen und Lernaufgaben. F\u00fcr die Erledigung der Hausaufgaben stehen den Sch\u00fclerinnen und Sch\u00fclern Lehrpersonen zur Verf\u00fcgung, um bei Fragen und Problemen helfen zu k\u00f6nnen. Zum Lernen, Spielen und f\u00fcr [&hellip;]<\/p>\n","protected":false},"author":1,"featured_media":696,"parent":6,"menu_order":5,"comment_status":"closed","ping_status":"closed","template":"","meta":{"_uag_custom_page_level_css":"","footnotes":""},"class_list":["post-16","page","type-page","status-publish","has-post-thumbnail","czr-hentry"],"uagb_featured_image_src":{"full":["https:\/\/ms-graz-stjohann.at\/cms\/wp-content\/uploads\/2017\/06\/2.jpg",1000,311,false],"thumbnail":["https:\/\/ms-graz-stjohann.at\/cms\/wp-content\/uploads\/2017\/06\/2-150x150.jpg",150,150,true],"medium":["https:\/\/ms-graz-stjohann.at\/cms\/wp-content\/uploads\/2017\/06\/2-300x93.jpg",300,93,true],"medium_large":["https:\/\/ms-graz-stjohann.at\/cms\/wp-content\/uploads\/2017\/06\/2-768x239.jpg",768,239,true],"large":["https:\/\/ms-graz-stjohann.at\/cms\/wp-content\/uploads\/2017\/06\/2.jpg",1000,311,false],"1536x1536":["https:\/\/ms-graz-stjohann.at\/cms\/wp-content\/uploads\/2017\/06\/2.jpg",1000,311,false],"2048x2048":["https:\/\/ms-graz-stjohann.at\/cms\/wp-content\/uploads\/2017\/06\/2.jpg",1000,311,false],"tc-grid-full":["https:\/\/ms-graz-stjohann.at\/cms\/wp-content\/uploads\/2017\/06\/2.jpg",1000,311,false],"tc-grid":["https:\/\/ms-graz-stjohann.at\/cms\/wp-content\/uploads\/2017\/06\/2-570x311.jpg",570,311,true],"tc-thumb":["https:\/\/ms-graz-stjohann.at\/cms\/wp-content\/uploads\/2017\/06\/2-270x250.jpg",270,250,true],"slider-full":["https:\/\/ms-graz-stjohann.at\/cms\/wp-content\/uploads\/2017\/06\/2.jpg",1000,311,false],"slider":["https:\/\/ms-graz-stjohann.at\/cms\/wp-content\/uploads\/2017\/06\/2.jpg",1000,311,false],"tc-sq-thumb":["https:\/\/ms-graz-stjohann.at\/cms\/wp-content\/uploads\/2017\/06\/2-510x311.jpg",510,311,true],"tc-ws-thumb":["https:\/\/ms-graz-stjohann.at\/cms\/wp-content\/uploads\/2017\/06\/2.jpg",1000,311,false],"tc-ws-small-thumb":["https:\/\/ms-graz-stjohann.at\/cms\/wp-content\/uploads\/2017\/06\/2-528x297.jpg",528,297,true],"tc-slider-small":["https:\/\/ms-graz-stjohann.at\/cms\/wp-content\/uploads\/2017\/06\/2-517x188.jpg",418,152,true],"sow-carousel-default":["https:\/\/ms-graz-stjohann.at\/cms\/wp-content\/uploads\/2017\/06\/2.jpg",272,85,false]},"uagb_author_info":{"display_name":"gesc","author_link":"https:\/\/ms-graz-stjohann.at\/cms\/author\/gesc\/"},"uagb_comment_info":0,"uagb_excerpt":"Wir bieten seit dem Schuljahr 2015\/16 eine\u00a0Nachmittagsbetreuung\u00a0an. Die Sch\u00fclerinnen und Sch\u00fcler nehmen nach dem Unterricht das Mittagessen im Speiseraum (Volksschulbereich) ein und erledigen danach gemeinsam die Haus\u00fcbungen und Lernaufgaben. F\u00fcr die Erledigung der Hausaufgaben stehen den Sch\u00fclerinnen und Sch\u00fclern Lehrpersonen zur Verf\u00fcgung, um bei Fragen und Problemen helfen zu k\u00f6nnen. Zum Lernen, Spielen und f\u00fcr&hellip;","_links":{"self":[{"href":"https:\/\/ms-graz-stjohann.at\/cms\/wp-json\/wp\/v2\/pages\/16","targetHints":{"allow":["GET"]}}],"collection":[{"href":"https:\/\/ms-graz-stjohann.at\/cms\/wp-json\/wp\/v2\/pages"}],"about":[{"href":"https:\/\/ms-graz-stjohann.at\/cms\/wp-json\/wp\/v2\/types\/page"}],"author":[{"embeddable":true,"href":"https:\/\/ms-graz-stjohann.at\/cms\/wp-json\/wp\/v2\/users\/1"}],"replies":[{"embeddable":true,"href":"https:\/\/ms-graz-stjohann.at\/cms\/wp-json\/wp\/v2\/comments?post=16"}],"version-history":[{"count":11,"href":"https:\/\/ms-graz-stjohann.at\/cms\/wp-json\/wp\/v2\/pages\/16\/revisions"}],"predecessor-version":[{"id":8646,"href":"https:\/\/ms-graz-stjohann.at\/cms\/wp-json\/wp\/v2\/pages\/16\/revisions\/8646"}],"up":[{"embeddable":true,"href":"https:\/\/ms-graz-stjohann.at\/cms\/wp-json\/wp\/v2\/pages\/6"}],"wp:featuredmedia":[{"embeddable":true,"href":"https:\/\/ms-graz-stjohann.at\/cms\/wp-json\/wp\/v2\/media\/696"}],"wp:attachment":[{"href":"https:\/\/ms-graz-stjohann.at\/cms\/wp-json\/wp\/v2\/media?parent=16"}],"curies":[{"name":"wp","href":"https:\/\/api.w.org\/{rel}","templated":true}]}}