{"id":2,"date":"2017-06-01T16:57:48","date_gmt":"2017-06-01T14:57:48","guid":{"rendered":"http:\/\/nms-graz-stjohann.at\/cms\/?page_id=2"},"modified":"2025-12-08T16:58:28","modified_gmt":"2025-12-08T15:58:28","slug":"direktion","status":"publish","type":"page","link":"https:\/\/ms-graz-stjohann.at\/cms\/unsere-schule\/direktion\/","title":{"rendered":"Direktion"},"content":{"rendered":"<div id=\"pl-2\"  class=\"panel-layout\" ><div id=\"pg-2-0\"  class=\"panel-grid panel-no-style\" ><div id=\"pgc-2-0-0\"  class=\"panel-grid-cell panel-grid-cell-mobile-last\" ><div id=\"panel-2-0-0-0\" class=\"so-panel widget widget_sow-editor panel-first-child panel-last-child\" data-index=\"0\" ><div\n\t\t\t\n\t\t\tclass=\"so-widget-sow-editor so-widget-sow-editor-base\"\n\t\t\t\n\t\t>\n<div class=\"siteorigin-widget-tinymce textwidget\">\n\t<p><strong>Schulleitung<br \/>\n<\/strong>Dipl.-P\u00e4d. Erika Afra Caha, BEd<\/p>\n<p><strong>Kontakt<br \/>\n<\/strong>Tel.:<a href=\"tel: 00433168726705\"> (0316) 872 - 6705<\/a><a href=\"tel: 00433168726706\"><br \/>\n<\/a>E-Mail: <a href=\"mailto:ms.st.johann@ms-st-johann.edu.graz.at\">ms.st.johann@ms-st-johann.edu.graz.at<\/a><\/p>\n<p><strong>\u00a0<\/strong><\/p>\n<\/div>\n<\/div><\/div><\/div><div id=\"pgc-2-0-1\"  class=\"panel-grid-cell panel-grid-cell-empty\" ><\/div><\/div><div id=\"pg-2-1\"  class=\"panel-grid panel-no-style\" ><div id=\"pgc-2-1-0\"  class=\"panel-grid-cell\" ><div id=\"panel-2-1-0-0\" class=\"so-panel widget widget_sow-editor panel-first-child panel-last-child\" data-index=\"1\" ><div\n\t\t\t\n\t\t\tclass=\"so-widget-sow-editor so-widget-sow-editor-base\"\n\t\t\t\n\t\t>\n<div class=\"siteorigin-widget-tinymce textwidget\">\n\t<p>Wir m\u00f6chten Sie informieren, dass s\u00e4mtliche Widerspr\u00fcche (z.B.: gegen Bescheide) pers\u00f6nlich oder postalisch eingebracht werden m\u00fcssen.<\/p>\n<\/div>\n<\/div><\/div><\/div><\/div><\/div>","protected":false},"excerpt":{"rendered":"<p>Schulleitung Dipl.-P\u00e4d. Erika Afra Caha, BEd Kontakt Tel.: (0316) 872 &#8211; 6705 E-Mail: ms.st.johann@ms-st-johann.edu.graz.at \u00a0 Wir m\u00f6chten Sie informieren, dass s\u00e4mtliche Widerspr\u00fcche (z.B.: gegen Bescheide) pers\u00f6nlich oder postalisch eingebracht werden m\u00fcssen.<\/p>\n","protected":false},"author":1,"featured_media":696,"parent":6,"menu_order":1,"comment_status":"closed","ping_status":"open","template":"","meta":{"_uag_custom_page_level_css":"","footnotes":""},"class_list":["post-2","page","type-page","status-publish","has-post-thumbnail","czr-hentry"],"uagb_featured_image_src":{"full":["https:\/\/ms-graz-stjohann.at\/cms\/wp-content\/uploads\/2017\/06\/2.jpg",1000,311,false],"thumbnail":["https:\/\/ms-graz-stjohann.at\/cms\/wp-content\/uploads\/2017\/06\/2-150x150.jpg",150,150,true],"medium":["https:\/\/ms-graz-stjohann.at\/cms\/wp-content\/uploads\/2017\/06\/2-300x93.jpg",300,93,true],"medium_large":["https:\/\/ms-graz-stjohann.at\/cms\/wp-content\/uploads\/2017\/06\/2-768x239.jpg",768,239,true],"large":["https:\/\/ms-graz-stjohann.at\/cms\/wp-content\/uploads\/2017\/06\/2.jpg",1000,311,false],"1536x1536":["https:\/\/ms-graz-stjohann.at\/cms\/wp-content\/uploads\/2017\/06\/2.jpg",1000,311,false],"2048x2048":["https:\/\/ms-graz-stjohann.at\/cms\/wp-content\/uploads\/2017\/06\/2.jpg",1000,311,false],"tc-grid-full":["https:\/\/ms-graz-stjohann.at\/cms\/wp-content\/uploads\/2017\/06\/2.jpg",1000,311,false],"tc-grid":["https:\/\/ms-graz-stjohann.at\/cms\/wp-content\/uploads\/2017\/06\/2-570x311.jpg",570,311,true],"tc-thumb":["https:\/\/ms-graz-stjohann.at\/cms\/wp-content\/uploads\/2017\/06\/2-270x250.jpg",270,250,true],"slider-full":["https:\/\/ms-graz-stjohann.at\/cms\/wp-content\/uploads\/2017\/06\/2.jpg",1000,311,false],"slider":["https:\/\/ms-graz-stjohann.at\/cms\/wp-content\/uploads\/2017\/06\/2.jpg",1000,311,false],"tc-sq-thumb":["https:\/\/ms-graz-stjohann.at\/cms\/wp-content\/uploads\/2017\/06\/2-510x311.jpg",510,311,true],"tc-ws-thumb":["https:\/\/ms-graz-stjohann.at\/cms\/wp-content\/uploads\/2017\/06\/2.jpg",1000,311,false],"tc-ws-small-thumb":["https:\/\/ms-graz-stjohann.at\/cms\/wp-content\/uploads\/2017\/06\/2-528x297.jpg",528,297,true],"tc-slider-small":["https:\/\/ms-graz-stjohann.at\/cms\/wp-content\/uploads\/2017\/06\/2-517x188.jpg",418,152,true],"sow-carousel-default":["https:\/\/ms-graz-stjohann.at\/cms\/wp-content\/uploads\/2017\/06\/2.jpg",272,85,false]},"uagb_author_info":{"display_name":"gesc","author_link":"https:\/\/ms-graz-stjohann.at\/cms\/author\/gesc\/"},"uagb_comment_info":0,"uagb_excerpt":"Schulleitung Dipl.-P\u00e4d. Erika Afra Caha, BEd Kontakt Tel.: (0316) 872 - 6705 E-Mail: ms.st.johann@ms-st-johann.edu.graz.at \u00a0 Wir m\u00f6chten Sie informieren, dass s\u00e4mtliche Widerspr\u00fcche (z.B.: gegen Bescheide) pers\u00f6nlich oder postalisch eingebracht werden m\u00fcssen.","_links":{"self":[{"href":"https:\/\/ms-graz-stjohann.at\/cms\/wp-json\/wp\/v2\/pages\/2","targetHints":{"allow":["GET"]}}],"collection":[{"href":"https:\/\/ms-graz-stjohann.at\/cms\/wp-json\/wp\/v2\/pages"}],"about":[{"href":"https:\/\/ms-graz-stjohann.at\/cms\/wp-json\/wp\/v2\/types\/page"}],"author":[{"embeddable":true,"href":"https:\/\/ms-graz-stjohann.at\/cms\/wp-json\/wp\/v2\/users\/1"}],"replies":[{"embeddable":true,"href":"https:\/\/ms-graz-stjohann.at\/cms\/wp-json\/wp\/v2\/comments?post=2"}],"version-history":[{"count":11,"href":"https:\/\/ms-graz-stjohann.at\/cms\/wp-json\/wp\/v2\/pages\/2\/revisions"}],"predecessor-version":[{"id":9463,"href":"https:\/\/ms-graz-stjohann.at\/cms\/wp-json\/wp\/v2\/pages\/2\/revisions\/9463"}],"up":[{"embeddable":true,"href":"https:\/\/ms-graz-stjohann.at\/cms\/wp-json\/wp\/v2\/pages\/6"}],"wp:featuredmedia":[{"embeddable":true,"href":"https:\/\/ms-graz-stjohann.at\/cms\/wp-json\/wp\/v2\/media\/696"}],"wp:attachment":[{"href":"https:\/\/ms-graz-stjohann.at\/cms\/wp-json\/wp\/v2\/media?parent=2"}],"curies":[{"name":"wp","href":"https:\/\/api.w.org\/{rel}","templated":true}]}}