{"id":3095,"date":"2018-09-09T20:44:46","date_gmt":"2018-09-09T18:44:46","guid":{"rendered":"http:\/\/nms-graz-stjohann.at\/cms\/?page_id=3095"},"modified":"2024-03-22T14:38:47","modified_gmt":"2024-03-22T13:38:47","slug":"schwerpunkt-hoergeschaedigtenpaedagogik","status":"publish","type":"page","link":"https:\/\/ms-graz-stjohann.at\/cms\/schwerpunkt\/schwerpunkt-hoergeschaedigtenpaedagogik\/","title":{"rendered":"Schwerpunkt H\u00f6rgesch\u00e4digtenp\u00e4dagogik"},"content":{"rendered":"<div id=\"pl-3095\"  class=\"panel-layout\" ><div id=\"pg-3095-0\"  class=\"panel-grid panel-no-style\" ><div id=\"pgc-3095-0-0\"  class=\"panel-grid-cell\" ><div id=\"panel-3095-0-0-0\" class=\"so-panel widget widget_siteorigin-panels-builder panel-first-child panel-last-child\" data-index=\"0\" ><div id=\"pl-w6523f505606bc\"  class=\"panel-layout\" ><div id=\"pg-w6523f505606bc-0\"  class=\"panel-grid panel-no-style\" ><div id=\"pgc-w6523f505606bc-0-0\"  class=\"panel-grid-cell\" ><div id=\"panel-w6523f505606bc-0-0-0\" class=\"so-panel widget widget_sow-editor panel-first-child\" data-index=\"0\" ><div\n\t\t\t\n\t\t\tclass=\"so-widget-sow-editor so-widget-sow-editor-base\"\n\t\t\t\n\t\t>\n<div class=\"siteorigin-widget-tinymce textwidget\">\n\t<p>An der MS Graz St. Johann werden alle Sch\u00fclerinnen und Sch\u00fcler von einem engagierten Team von P\u00e4dagoginnen und P\u00e4dagogen unterrichtet.\u00a0 Unser Fokus liegt auf der F\u00f6rderung von h\u00f6r \u2013 und sprachbeeintr\u00e4chtigten Sch\u00fclerinnen und Sch\u00fclern. Wir blicken auf eine langj\u00e4hrige Zusammenarbeit mit dem F\u00f6rderzentrum f\u00fcr H\u00f6r- und Sprachbildung am Rosenbergg\u00fcrtel zur\u00fcck. Jeder Mensch ist einzigartig! Eine H\u00f6rsch\u00e4digung geh\u00f6rt zur Pers\u00f6nlichkeit unserer Sch\u00fclerinnen und Sch\u00fcler und ist doch nur ein Teil von ihr. Unsere Konzepte sind auf Pers\u00f6nlichkeits- und Identit\u00e4tsentwicklung gerichtet.<\/p>\n<h4><strong>Zu unserem p\u00e4dagogischen Grundprinzip geh\u00f6ren:<\/strong><\/h4>\n<\/div>\n<\/div><\/div><div id=\"panel-w6523f505606bc-0-0-1\" class=\"so-panel widget widget_siteorigin-panels-builder panel-last-child\" data-index=\"1\" ><div id=\"pl-w6523f5056084c\"  class=\"panel-layout\" ><div id=\"pg-w6523f5056084c-0\"  class=\"panel-grid panel-no-style\" ><div id=\"pgc-w6523f5056084c-0-0\"  class=\"panel-grid-cell\" ><div id=\"panel-w6523f5056084c-0-0-0\" class=\"so-panel widget widget_sow-editor panel-first-child panel-last-child\" data-index=\"0\" ><div\n\t\t\t\n\t\t\tclass=\"so-widget-sow-editor so-widget-sow-editor-base\"\n\t\t\t\n\t\t>\n<div class=\"siteorigin-widget-tinymce textwidget\">\n\t<h5><strong>Kommunikation in zwei Sprachen - \u00d6sterreichische Geb\u00e4rdensprache<\/strong><\/h5>\n<p>An unserer Schule hat jeder das Recht zu verstehen und verstanden zu werden. Wir unterst\u00fctzen unsere Sch\u00fclerinnen und Sch\u00fcler beim Spracherwerb durch die Laut- und Schriftsprache,\u00a0 lautsprachbegleitende Geb\u00e4rden und der \u00d6GS (\u00d6sterreichische Geb\u00e4rdensprache).<\/p>\n<\/div>\n<\/div><\/div><\/div><div id=\"pgc-w6523f5056084c-0-1\"  class=\"panel-grid-cell\" ><div id=\"panel-w6523f5056084c-0-1-0\" class=\"so-panel widget widget_sow-editor panel-first-child panel-last-child\" data-index=\"1\" ><div\n\t\t\t\n\t\t\tclass=\"so-widget-sow-editor so-widget-sow-editor-base\"\n\t\t\t\n\t\t>\n<div class=\"siteorigin-widget-tinymce textwidget\">\n\t<h5><strong>Sprachenvielfalt \u2013 Eine Sprache zum H\u00f6ren und eine Sprache zum Sehen<\/strong><\/h5>\n<p>Geb\u00e4rdensprachen und Lautsprachen sind gleichwertige Sprachen. Wir ber\u00fccksichtigen die unterschiedlichen Wahrnehmungsbedingungen unserer Sch\u00fclerinnen und Sch\u00fcler. Wir bieten lautsprachliche und geb\u00e4rdensprachliche Angebote an, um eine hohe Kommunikationsf\u00e4higkeit zu f\u00f6rdern.<\/p>\n<\/div>\n<\/div><\/div><\/div><\/div><\/div><\/div><\/div><div id=\"pgc-w6523f505606bc-0-1\"  class=\"panel-grid-cell\" ><div id=\"panel-w6523f505606bc-0-1-0\" class=\"so-panel widget widget_sow-button panel-first-child\" data-index=\"2\" ><div\n\t\t\t\n\t\t\tclass=\"so-widget-sow-button so-widget-sow-button-flat-580e8f8f6579\"\n\t\t\t\n\t\t><div class=\"ow-button-base ow-button-align-center\"\n>\n\t\t\t<a\n\t\t\t\t\thref=\"https:\/\/oegsdv.at\/gebaerdensprache\/gebaerdensprache\/\"\n\t\t\t\t\tclass=\"sowb-button ow-icon-placement-left ow-button-hover\" target=\"_blank\" rel=\"noopener noreferrer\" \t>\n\t\t<span>\n\t\t\t<span class=\"sow-icon-fontawesome sow-fas\" data-sow-icon=\"&#xf2a3;\"\n\t\tstyle=\"\" \n\t\taria-hidden=\"true\"><\/span>\n\t\t\tInformationen zur \u00d6GS\t\t<\/span>\n\t\t\t<\/a>\n\t<\/div>\n<\/div><\/div><div id=\"panel-w6523f505606bc-0-1-1\" class=\"so-panel widget widget_sow-image\" data-index=\"3\" ><div\n\t\t\t\n\t\t\tclass=\"so-widget-sow-image so-widget-sow-image-default-c67d20f9f743\"\n\t\t\t\n\t\t>\n<div class=\"sow-image-container\">\n\t\t\t<a href=\"https:\/\/oegsdv.at\/gebaerdensprache\/gebaerdensprache\/\"\n\t\t\ttarget=\"_blank\" rel=\"noopener noreferrer\" \t\t>\n\t\t\t<img \n\tsrc=\"https:\/\/ms-graz-stjohann.at\/cms\/wp-content\/uploads\/2018\/09\/\u00d6GS.png\" width=\"253\" height=\"256\" sizes=\"(max-width: 253px) 100vw, 253px\" alt=\"\" \t\tclass=\"so-widget-image\"\/>\n\t\t\t<\/a><\/div>\n\n<\/div><\/div><div id=\"panel-w6523f505606bc-0-1-2\" class=\"so-panel widget widget_sow-button\" data-index=\"4\" ><div\n\t\t\t\n\t\t\tclass=\"so-widget-sow-button so-widget-sow-button-flat-580e8f8f6579\"\n\t\t\t\n\t\t><div class=\"ow-button-base ow-button-align-center\"\n>\n\t\t\t<a\n\t\t\t\t\thref=\"http:\/\/www.soziales.steiermark.at\/cms\/ziel\/2462236\/DE\/\"\n\t\t\t\t\tclass=\"sowb-button ow-icon-placement-left ow-button-hover\" target=\"_blank\" rel=\"noopener noreferrer\" \t>\n\t\t<span>\n\t\t\t<span class=\"sow-icon-fontawesome sow-fas\" data-sow-icon=\"&#xf2a2;\"\n\t\tstyle=\"\" \n\t\taria-hidden=\"true\"><\/span>\n\t\t\tInformationen zum F\u00f6rderzentrum\t\t<\/span>\n\t\t\t<\/a>\n\t<\/div>\n<\/div><\/div><div id=\"panel-w6523f505606bc-0-1-3\" class=\"so-panel widget widget_sow-image panel-last-child\" data-index=\"5\" ><div\n\t\t\t\n\t\t\tclass=\"so-widget-sow-image so-widget-sow-image-default-a258e6bfa2d8\"\n\t\t\t\n\t\t>\n<div class=\"sow-image-container\">\n\t\t\t<a href=\"http:\/\/www.soziales.steiermark.at\/cms\/ziel\/2462236\/DE\/\"\n\t\t\ttarget=\"_blank\" rel=\"noopener noreferrer\" \t\t>\n\t\t\t<img \n\tsrc=\"https:\/\/ms-graz-stjohann.at\/cms\/wp-content\/uploads\/2018\/09\/F\u00f6rderzentrum_Rosenberg_logo.jpg\" width=\"779\" height=\"293\" srcset=\"https:\/\/ms-graz-stjohann.at\/cms\/wp-content\/uploads\/2018\/09\/F\u00f6rderzentrum_Rosenberg_logo.jpg 779w, https:\/\/ms-graz-stjohann.at\/cms\/wp-content\/uploads\/2018\/09\/F\u00f6rderzentrum_Rosenberg_logo-300x113.jpg 300w, https:\/\/ms-graz-stjohann.at\/cms\/wp-content\/uploads\/2018\/09\/F\u00f6rderzentrum_Rosenberg_logo-768x289.jpg 768w\" sizes=\"(max-width: 779px) 100vw, 779px\" alt=\"\" \t\tclass=\"so-widget-image\"\/>\n\t\t\t<\/a><\/div>\n\n<\/div><\/div><\/div><\/div><div id=\"pg-w6523f505606bc-1\"  class=\"panel-grid panel-no-style\" ><div id=\"pgc-w6523f505606bc-1-0\"  class=\"panel-grid-cell\" ><div id=\"panel-w6523f505606bc-1-0-0\" class=\"so-panel widget widget_sow-editor panel-first-child panel-last-child\" data-index=\"6\" ><div\n\t\t\t\n\t\t\tclass=\"so-widget-sow-editor so-widget-sow-editor-base\"\n\t\t\t\n\t\t>\n<div class=\"siteorigin-widget-tinymce textwidget\">\n\t<h4><strong>Wir bieten:<\/strong><\/h4>\n<ul>\n<li>das Sammeln von Erfahrungen mit unterschiedlichen Kommunikationsformen, besonders der Geb\u00e4rdensprache, durch das t\u00e4gliche Miteinander,<\/li>\n<li>das Angebot der Geb\u00e4rdensprache durch Native Signer in Klassen, in denen die Geb\u00e4rdensprache auch Unterrichtssprache ist,<\/li>\n<li>die Zusammenarbeit mit dem F\u00f6rderzentrum f\u00fcr H\u00f6r- und Sprachbildung,<\/li>\n<li>\u00d6GS kompetente p\u00e4dagogische St\u00fctzkr\u00e4fte vom F\u00f6rderzentrum zur Schaffung eines optimalen Kommunikationsumfeldes,<\/li>\n<li>eine Berufsorientierung speziell f\u00fcr unsere h\u00f6rbeeintr\u00e4chtigten Sch\u00fclerinnen und Sch\u00fcler durch die Kooperation mit der Arbeitsassistenz von Jugend am Werk<\/li>\n<\/ul>\n<\/div>\n<\/div><\/div><\/div><\/div><\/div><\/div><\/div><\/div><\/div>","protected":false},"excerpt":{"rendered":"<p>An der MS Graz St. Johann werden alle Sch\u00fclerinnen und Sch\u00fcler von einem engagierten Team von P\u00e4dagoginnen und P\u00e4dagogen unterrichtet.\u00a0 Unser Fokus liegt auf der F\u00f6rderung von h\u00f6r \u2013 und sprachbeeintr\u00e4chtigten Sch\u00fclerinnen und Sch\u00fclern. Wir blicken auf eine langj\u00e4hrige Zusammenarbeit mit dem F\u00f6rderzentrum f\u00fcr H\u00f6r- und Sprachbildung am Rosenbergg\u00fcrtel zur\u00fcck. Jeder Mensch ist einzigartig! Eine [&hellip;]<\/p>\n","protected":false},"author":2,"featured_media":1231,"parent":296,"menu_order":0,"comment_status":"closed","ping_status":"closed","template":"","meta":{"_uag_custom_page_level_css":"","footnotes":""},"class_list":["post-3095","page","type-page","status-publish","has-post-thumbnail","czr-hentry"],"uagb_featured_image_src":{"full":["https:\/\/ms-graz-stjohann.at\/cms\/wp-content\/uploads\/2017\/08\/rucola-young-argula-sproutus.jpg",4671,3114,false],"thumbnail":["https:\/\/ms-graz-stjohann.at\/cms\/wp-content\/uploads\/2017\/08\/rucola-young-argula-sproutus-150x150.jpg",150,150,true],"medium":["https:\/\/ms-graz-stjohann.at\/cms\/wp-content\/uploads\/2017\/08\/rucola-young-argula-sproutus-300x200.jpg",300,200,true],"medium_large":["https:\/\/ms-graz-stjohann.at\/cms\/wp-content\/uploads\/2017\/08\/rucola-young-argula-sproutus-768x512.jpg",768,512,true],"large":["https:\/\/ms-graz-stjohann.at\/cms\/wp-content\/uploads\/2017\/08\/rucola-young-argula-sproutus-1024x683.jpg",1024,683,true],"1536x1536":["https:\/\/ms-graz-stjohann.at\/cms\/wp-content\/uploads\/2017\/08\/rucola-young-argula-sproutus.jpg",1536,1024,false],"2048x2048":["https:\/\/ms-graz-stjohann.at\/cms\/wp-content\/uploads\/2017\/08\/rucola-young-argula-sproutus.jpg",2048,1365,false],"tc-grid-full":["https:\/\/ms-graz-stjohann.at\/cms\/wp-content\/uploads\/2017\/08\/rucola-young-argula-sproutus-1110x444.jpg",1110,444,true],"tc-grid":["https:\/\/ms-graz-stjohann.at\/cms\/wp-content\/uploads\/2017\/08\/rucola-young-argula-sproutus-570x350.jpg",570,350,true],"tc-thumb":["https:\/\/ms-graz-stjohann.at\/cms\/wp-content\/uploads\/2017\/08\/rucola-young-argula-sproutus-270x250.jpg",270,250,true],"slider-full":["https:\/\/ms-graz-stjohann.at\/cms\/wp-content\/uploads\/2017\/08\/rucola-young-argula-sproutus-4671x325.jpg",4671,325,true],"slider":["https:\/\/ms-graz-stjohann.at\/cms\/wp-content\/uploads\/2017\/08\/rucola-young-argula-sproutus-1110x325.jpg",1110,325,true],"tc-sq-thumb":["https:\/\/ms-graz-stjohann.at\/cms\/wp-content\/uploads\/2017\/08\/rucola-young-argula-sproutus-510x510.jpg",510,510,true],"tc-ws-thumb":["https:\/\/ms-graz-stjohann.at\/cms\/wp-content\/uploads\/2017\/08\/rucola-young-argula-sproutus-1110x624.jpg",1110,624,true],"tc-ws-small-thumb":["https:\/\/ms-graz-stjohann.at\/cms\/wp-content\/uploads\/2017\/08\/rucola-young-argula-sproutus-528x297.jpg",528,297,true],"tc-slider-small":["https:\/\/ms-graz-stjohann.at\/cms\/wp-content\/uploads\/2017\/08\/rucola-young-argula-sproutus-517x152.jpg",517,152,true],"sow-carousel-default":["https:\/\/ms-graz-stjohann.at\/cms\/wp-content\/uploads\/2017\/08\/rucola-young-argula-sproutus-272x182.jpg",272,182,true]},"uagb_author_info":{"display_name":"Christina-Karola Wurm","author_link":"https:\/\/ms-graz-stjohann.at\/cms\/author\/christina-wurm\/"},"uagb_comment_info":0,"uagb_excerpt":"An der MS Graz St. Johann werden alle Sch\u00fclerinnen und Sch\u00fcler von einem engagierten Team von P\u00e4dagoginnen und P\u00e4dagogen unterrichtet.\u00a0 Unser Fokus liegt auf der F\u00f6rderung von h\u00f6r \u2013 und sprachbeeintr\u00e4chtigten Sch\u00fclerinnen und Sch\u00fclern. Wir blicken auf eine langj\u00e4hrige Zusammenarbeit mit dem F\u00f6rderzentrum f\u00fcr H\u00f6r- und Sprachbildung am Rosenbergg\u00fcrtel zur\u00fcck. Jeder Mensch ist einzigartig! Eine&hellip;","_links":{"self":[{"href":"https:\/\/ms-graz-stjohann.at\/cms\/wp-json\/wp\/v2\/pages\/3095","targetHints":{"allow":["GET"]}}],"collection":[{"href":"https:\/\/ms-graz-stjohann.at\/cms\/wp-json\/wp\/v2\/pages"}],"about":[{"href":"https:\/\/ms-graz-stjohann.at\/cms\/wp-json\/wp\/v2\/types\/page"}],"author":[{"embeddable":true,"href":"https:\/\/ms-graz-stjohann.at\/cms\/wp-json\/wp\/v2\/users\/2"}],"replies":[{"embeddable":true,"href":"https:\/\/ms-graz-stjohann.at\/cms\/wp-json\/wp\/v2\/comments?post=3095"}],"version-history":[{"count":10,"href":"https:\/\/ms-graz-stjohann.at\/cms\/wp-json\/wp\/v2\/pages\/3095\/revisions"}],"predecessor-version":[{"id":8179,"href":"https:\/\/ms-graz-stjohann.at\/cms\/wp-json\/wp\/v2\/pages\/3095\/revisions\/8179"}],"up":[{"embeddable":true,"href":"https:\/\/ms-graz-stjohann.at\/cms\/wp-json\/wp\/v2\/pages\/296"}],"wp:featuredmedia":[{"embeddable":true,"href":"https:\/\/ms-graz-stjohann.at\/cms\/wp-json\/wp\/v2\/media\/1231"}],"wp:attachment":[{"href":"https:\/\/ms-graz-stjohann.at\/cms\/wp-json\/wp\/v2\/media?parent=3095"}],"curies":[{"name":"wp","href":"https:\/\/api.w.org\/{rel}","templated":true}]}}