{"id":36,"date":"2017-06-26T17:07:50","date_gmt":"2017-06-26T15:07:50","guid":{"rendered":"http:\/\/nms-graz-stjohann.at\/cms\/?page_id=36"},"modified":"2017-08-30T23:02:23","modified_gmt":"2017-08-30T21:02:23","slug":"kel-gespraeche","status":"publish","type":"page","link":"https:\/\/ms-graz-stjohann.at\/cms\/kel-gespraeche\/","title":{"rendered":"KEL-Gespr\u00e4che"},"content":{"rendered":"<p>Im Mittelpunkt der Kind-Eltern-Lehrer Gespr\u00e4che (KEL) steht das Kind mit seinen St\u00e4rken und Zielen f\u00fcr die pers\u00f6nliche Weiterentwicklung. Es ist uns ein gro\u00dfes Anliegen, jedes Kind in seinem Entwicklungsprozess zu begleiten und zu st\u00e4rken.<\/p>\n<blockquote>\n<p style=\"text-align: left;\"><strong>Nicht \u00fcbereinander, sondern miteinander reden.<\/strong><\/p>\n<\/blockquote>\n<p>Wir unterst\u00fctzen die Sch\u00fclerinnen und Sch\u00fcler bei der Vorbereitung auf die KEL-Gespr\u00e4che, die zweimal pro Schuljahr stattfinden und f\u00fcr jedes Kind 15 bis 20 Minuten dauern. Dabei werden die Lernpotenziale, Bed\u00fcrfnisse und Talente in einem wechselseitigen und wertsch\u00e4tzenden R\u00fcckmeldeverfahren besprochen.<\/p>\n","protected":false},"excerpt":{"rendered":"<p>Im Mittelpunkt der Kind-Eltern-Lehrer Gespr\u00e4che (KEL) steht das Kind mit seinen St\u00e4rken und Zielen f\u00fcr die pers\u00f6nliche Weiterentwicklung. Es ist uns ein gro\u00dfes Anliegen, jedes Kind in seinem Entwicklungsprozess zu begleiten und zu st\u00e4rken. Nicht \u00fcbereinander, sondern miteinander reden. Wir unterst\u00fctzen die Sch\u00fclerinnen und Sch\u00fcler bei der Vorbereitung auf die KEL-Gespr\u00e4che, die zweimal pro Schuljahr [&hellip;]<\/p>\n","protected":false},"author":1,"featured_media":1228,"parent":0,"menu_order":4,"comment_status":"closed","ping_status":"closed","template":"","meta":{"_uag_custom_page_level_css":"","footnotes":""},"class_list":["post-36","page","type-page","status-publish","has-post-thumbnail","czr-hentry"],"uagb_featured_image_src":{"full":["https:\/\/ms-graz-stjohann.at\/cms\/wp-content\/uploads\/2017\/06\/pexels-photo-54300.jpeg",3888,2592,false],"thumbnail":["https:\/\/ms-graz-stjohann.at\/cms\/wp-content\/uploads\/2017\/06\/pexels-photo-54300-150x150.jpeg",150,150,true],"medium":["https:\/\/ms-graz-stjohann.at\/cms\/wp-content\/uploads\/2017\/06\/pexels-photo-54300-300x200.jpeg",300,200,true],"medium_large":["https:\/\/ms-graz-stjohann.at\/cms\/wp-content\/uploads\/2017\/06\/pexels-photo-54300-768x512.jpeg",768,512,true],"large":["https:\/\/ms-graz-stjohann.at\/cms\/wp-content\/uploads\/2017\/06\/pexels-photo-54300-1024x683.jpeg",1024,683,true],"1536x1536":["https:\/\/ms-graz-stjohann.at\/cms\/wp-content\/uploads\/2017\/06\/pexels-photo-54300.jpeg",1536,1024,false],"2048x2048":["https:\/\/ms-graz-stjohann.at\/cms\/wp-content\/uploads\/2017\/06\/pexels-photo-54300.jpeg",2048,1365,false],"tc-grid-full":["https:\/\/ms-graz-stjohann.at\/cms\/wp-content\/uploads\/2017\/06\/pexels-photo-54300-1110x444.jpeg",1110,444,true],"tc-grid":["https:\/\/ms-graz-stjohann.at\/cms\/wp-content\/uploads\/2017\/06\/pexels-photo-54300-570x350.jpeg",570,350,true],"tc-thumb":["https:\/\/ms-graz-stjohann.at\/cms\/wp-content\/uploads\/2017\/06\/pexels-photo-54300-270x250.jpeg",270,250,true],"slider-full":["https:\/\/ms-graz-stjohann.at\/cms\/wp-content\/uploads\/2017\/06\/pexels-photo-54300-3888x325.jpeg",3888,325,true],"slider":["https:\/\/ms-graz-stjohann.at\/cms\/wp-content\/uploads\/2017\/06\/pexels-photo-54300-1110x325.jpeg",1110,325,true],"tc-sq-thumb":["https:\/\/ms-graz-stjohann.at\/cms\/wp-content\/uploads\/2017\/06\/pexels-photo-54300-510x510.jpeg",510,510,true],"tc-ws-thumb":["https:\/\/ms-graz-stjohann.at\/cms\/wp-content\/uploads\/2017\/06\/pexels-photo-54300-1110x624.jpeg",1110,624,true],"tc-ws-small-thumb":["https:\/\/ms-graz-stjohann.at\/cms\/wp-content\/uploads\/2017\/06\/pexels-photo-54300-528x297.jpeg",528,297,true],"tc-slider-small":["https:\/\/ms-graz-stjohann.at\/cms\/wp-content\/uploads\/2017\/06\/pexels-photo-54300-517x152.jpeg",517,152,true],"sow-carousel-default":["https:\/\/ms-graz-stjohann.at\/cms\/wp-content\/uploads\/2017\/06\/pexels-photo-54300-272x182.jpeg",272,182,true]},"uagb_author_info":{"display_name":"gesc","author_link":"https:\/\/ms-graz-stjohann.at\/cms\/author\/gesc\/"},"uagb_comment_info":0,"uagb_excerpt":"Im Mittelpunkt der Kind-Eltern-Lehrer Gespr\u00e4che (KEL) steht das Kind mit seinen St\u00e4rken und Zielen f\u00fcr die pers\u00f6nliche Weiterentwicklung. Es ist uns ein gro\u00dfes Anliegen, jedes Kind in seinem Entwicklungsprozess zu begleiten und zu st\u00e4rken. Nicht \u00fcbereinander, sondern miteinander reden. Wir unterst\u00fctzen die Sch\u00fclerinnen und Sch\u00fcler bei der Vorbereitung auf die KEL-Gespr\u00e4che, die zweimal pro Schuljahr&hellip;","_links":{"self":[{"href":"https:\/\/ms-graz-stjohann.at\/cms\/wp-json\/wp\/v2\/pages\/36","targetHints":{"allow":["GET"]}}],"collection":[{"href":"https:\/\/ms-graz-stjohann.at\/cms\/wp-json\/wp\/v2\/pages"}],"about":[{"href":"https:\/\/ms-graz-stjohann.at\/cms\/wp-json\/wp\/v2\/types\/page"}],"author":[{"embeddable":true,"href":"https:\/\/ms-graz-stjohann.at\/cms\/wp-json\/wp\/v2\/users\/1"}],"replies":[{"embeddable":true,"href":"https:\/\/ms-graz-stjohann.at\/cms\/wp-json\/wp\/v2\/comments?post=36"}],"version-history":[{"count":5,"href":"https:\/\/ms-graz-stjohann.at\/cms\/wp-json\/wp\/v2\/pages\/36\/revisions"}],"predecessor-version":[{"id":1261,"href":"https:\/\/ms-graz-stjohann.at\/cms\/wp-json\/wp\/v2\/pages\/36\/revisions\/1261"}],"wp:featuredmedia":[{"embeddable":true,"href":"https:\/\/ms-graz-stjohann.at\/cms\/wp-json\/wp\/v2\/media\/1228"}],"wp:attachment":[{"href":"https:\/\/ms-graz-stjohann.at\/cms\/wp-json\/wp\/v2\/media?parent=36"}],"curies":[{"name":"wp","href":"https:\/\/api.w.org\/{rel}","templated":true}]}}