{"id":8,"date":"2017-06-26T17:05:26","date_gmt":"2017-06-26T15:05:26","guid":{"rendered":"http:\/\/nms-graz-stjohann.at\/cms\/?page_id=8"},"modified":"2023-10-09T14:22:11","modified_gmt":"2023-10-09T12:22:11","slug":"leitbild","status":"publish","type":"page","link":"https:\/\/ms-graz-stjohann.at\/cms\/unsere-schule\/leitbild\/","title":{"rendered":"Leitbild"},"content":{"rendered":"<div id=\"pl-8\"  class=\"panel-layout\" ><div id=\"pg-8-0\"  class=\"panel-grid panel-no-style\" ><div id=\"pgc-8-0-0\"  class=\"panel-grid-cell\" ><div id=\"panel-8-0-0-0\" class=\"so-panel widget widget_sow-editor panel-first-child\" data-index=\"0\" ><div\n\t\t\t\n\t\t\tclass=\"so-widget-sow-editor so-widget-sow-editor-base\"\n\t\t\t\n\t\t>\n<div class=\"siteorigin-widget-tinymce textwidget\">\n\t<p>Unseren Sch\u00fclerinnen und Sch\u00fclern vermitteln wir Freude an Bildung, am Spracherwerb und an kulturellen Werten. An unserer \u201eSchule im Gr\u00fcnen\u201c k\u00f6nnen sich alle wohlf\u00fchlen. Dazu tragen gesunde Ern\u00e4hrung, Sport und eine tolerante Atmosph\u00e4re bei.<\/p>\n<\/div>\n<\/div><\/div><div id=\"panel-8-0-0-1\" class=\"so-panel widget widget_sow-editor panel-last-child\" data-index=\"1\" ><div class=\"panel-widget-style panel-widget-style-for-8-0-0-1\" ><div\n\t\t\t\n\t\t\tclass=\"so-widget-sow-editor so-widget-sow-editor-base\"\n\t\t\t\n\t\t>\n<div class=\"siteorigin-widget-tinymce textwidget\">\n\t<blockquote><p><strong>Schule ist mehr als Unterricht<\/strong><\/p><\/blockquote>\n<\/div>\n<\/div><\/div><\/div><\/div><\/div><div id=\"pg-8-1\"  class=\"panel-grid panel-no-style\" ><div id=\"pgc-8-1-0\"  class=\"panel-grid-cell\" ><div id=\"panel-8-1-0-0\" class=\"so-panel widget widget_sow-editor panel-first-child panel-last-child\" data-index=\"2\" ><div\n\t\t\t\n\t\t\tclass=\"so-widget-sow-editor so-widget-sow-editor-base\"\n\t\t\t\n\t\t>\n<div class=\"siteorigin-widget-tinymce textwidget\">\n\t<p><strong>Schule ist...<\/strong><\/p>\n<ul>\n<li>ein Platz zum Lernen<\/li>\n<li>eine St\u00e4tte der Begegnung<\/li>\n<li>ein Treffpunkt mit Freunden<\/li>\n<li>eine Vorbereitung auf das Berufsleben<\/li>\n<\/ul>\n<\/div>\n<\/div><\/div><\/div><div id=\"pgc-8-1-1\"  class=\"panel-grid-cell\" ><div id=\"panel-8-1-1-0\" class=\"so-panel widget widget_sow-editor panel-first-child panel-last-child\" data-index=\"3\" ><div\n\t\t\t\n\t\t\tclass=\"so-widget-sow-editor so-widget-sow-editor-base\"\n\t\t\t\n\t\t>\n<div class=\"siteorigin-widget-tinymce textwidget\">\n\t<p><strong>Schule ist...<\/strong><\/p>\n<ul>\n<li>das Miteinander leben<\/li>\n<li>Konflikte l\u00f6sen lernen<\/li>\n<li>in Gemeinschaft lachen, spielen, lernen...<\/li>\n<li>anderen Kulturen und Sprachen begegnen<\/li>\n<li>verstehen, mit behinderten Menschen umzugehen<\/li>\n<\/ul>\n<\/div>\n<\/div><\/div><\/div><div id=\"pgc-8-1-2\"  class=\"panel-grid-cell\" ><div id=\"panel-8-1-2-0\" class=\"so-panel widget widget_sow-editor panel-first-child panel-last-child\" data-index=\"4\" ><div\n\t\t\t\n\t\t\tclass=\"so-widget-sow-editor so-widget-sow-editor-base\"\n\t\t\t\n\t\t>\n<div class=\"siteorigin-widget-tinymce textwidget\">\n\t<p><strong>In der Schule schaffen wir Grundlagen um...<\/strong><\/p>\n<ul>\n<li>Regeln einzuhalten<\/li>\n<li>Grundwissen zu erwerben<\/li>\n<li>neue Lebensr\u00e4ume zu entdecken<\/li>\n<li>die eigene Pers\u00f6nlichkeit zu st\u00e4rken<\/li>\n<li>den Gemeinschaftssinn zu wecken<\/li>\n<li>F\u00e4higkeiten und Fertigkeiten zu f\u00f6rdern<\/li>\n<\/ul>\n<\/div>\n<\/div><\/div><\/div><\/div><div id=\"pg-8-2\"  class=\"panel-grid panel-no-style\" ><div id=\"pgc-8-2-0\"  class=\"panel-grid-cell panel-grid-cell-empty\" ><\/div><\/div><\/div>","protected":false},"excerpt":{"rendered":"<p>Unseren Sch\u00fclerinnen und Sch\u00fclern vermitteln wir Freude an Bildung, am Spracherwerb und an kulturellen Werten. An unserer \u201eSchule im Gr\u00fcnen\u201c k\u00f6nnen sich alle wohlf\u00fchlen. Dazu tragen gesunde Ern\u00e4hrung, Sport und eine tolerante Atmosph\u00e4re bei. Schule ist mehr als Unterricht Schule ist&#8230; ein Platz zum Lernen eine St\u00e4tte der Begegnung ein Treffpunkt mit Freunden eine Vorbereitung [&hellip;]<\/p>\n","protected":false},"author":1,"featured_media":696,"parent":6,"menu_order":2,"comment_status":"closed","ping_status":"closed","template":"","meta":{"_uag_custom_page_level_css":"","footnotes":""},"class_list":["post-8","page","type-page","status-publish","has-post-thumbnail","czr-hentry"],"uagb_featured_image_src":{"full":["https:\/\/ms-graz-stjohann.at\/cms\/wp-content\/uploads\/2017\/06\/2.jpg",1000,311,false],"thumbnail":["https:\/\/ms-graz-stjohann.at\/cms\/wp-content\/uploads\/2017\/06\/2-150x150.jpg",150,150,true],"medium":["https:\/\/ms-graz-stjohann.at\/cms\/wp-content\/uploads\/2017\/06\/2-300x93.jpg",300,93,true],"medium_large":["https:\/\/ms-graz-stjohann.at\/cms\/wp-content\/uploads\/2017\/06\/2-768x239.jpg",768,239,true],"large":["https:\/\/ms-graz-stjohann.at\/cms\/wp-content\/uploads\/2017\/06\/2.jpg",1000,311,false],"1536x1536":["https:\/\/ms-graz-stjohann.at\/cms\/wp-content\/uploads\/2017\/06\/2.jpg",1000,311,false],"2048x2048":["https:\/\/ms-graz-stjohann.at\/cms\/wp-content\/uploads\/2017\/06\/2.jpg",1000,311,false],"tc-grid-full":["https:\/\/ms-graz-stjohann.at\/cms\/wp-content\/uploads\/2017\/06\/2.jpg",1000,311,false],"tc-grid":["https:\/\/ms-graz-stjohann.at\/cms\/wp-content\/uploads\/2017\/06\/2-570x311.jpg",570,311,true],"tc-thumb":["https:\/\/ms-graz-stjohann.at\/cms\/wp-content\/uploads\/2017\/06\/2-270x250.jpg",270,250,true],"slider-full":["https:\/\/ms-graz-stjohann.at\/cms\/wp-content\/uploads\/2017\/06\/2.jpg",1000,311,false],"slider":["https:\/\/ms-graz-stjohann.at\/cms\/wp-content\/uploads\/2017\/06\/2.jpg",1000,311,false],"tc-sq-thumb":["https:\/\/ms-graz-stjohann.at\/cms\/wp-content\/uploads\/2017\/06\/2-510x311.jpg",510,311,true],"tc-ws-thumb":["https:\/\/ms-graz-stjohann.at\/cms\/wp-content\/uploads\/2017\/06\/2.jpg",1000,311,false],"tc-ws-small-thumb":["https:\/\/ms-graz-stjohann.at\/cms\/wp-content\/uploads\/2017\/06\/2-528x297.jpg",528,297,true],"tc-slider-small":["https:\/\/ms-graz-stjohann.at\/cms\/wp-content\/uploads\/2017\/06\/2-517x188.jpg",418,152,true],"sow-carousel-default":["https:\/\/ms-graz-stjohann.at\/cms\/wp-content\/uploads\/2017\/06\/2.jpg",272,85,false]},"uagb_author_info":{"display_name":"gesc","author_link":"https:\/\/ms-graz-stjohann.at\/cms\/author\/gesc\/"},"uagb_comment_info":0,"uagb_excerpt":"Unseren Sch\u00fclerinnen und Sch\u00fclern vermitteln wir Freude an Bildung, am Spracherwerb und an kulturellen Werten. An unserer \u201eSchule im Gr\u00fcnen\u201c k\u00f6nnen sich alle wohlf\u00fchlen. Dazu tragen gesunde Ern\u00e4hrung, Sport und eine tolerante Atmosph\u00e4re bei. Schule ist mehr als Unterricht Schule ist... ein Platz zum Lernen eine St\u00e4tte der Begegnung ein Treffpunkt mit Freunden eine Vorbereitung&hellip;","_links":{"self":[{"href":"https:\/\/ms-graz-stjohann.at\/cms\/wp-json\/wp\/v2\/pages\/8","targetHints":{"allow":["GET"]}}],"collection":[{"href":"https:\/\/ms-graz-stjohann.at\/cms\/wp-json\/wp\/v2\/pages"}],"about":[{"href":"https:\/\/ms-graz-stjohann.at\/cms\/wp-json\/wp\/v2\/types\/page"}],"author":[{"embeddable":true,"href":"https:\/\/ms-graz-stjohann.at\/cms\/wp-json\/wp\/v2\/users\/1"}],"replies":[{"embeddable":true,"href":"https:\/\/ms-graz-stjohann.at\/cms\/wp-json\/wp\/v2\/comments?post=8"}],"version-history":[{"count":10,"href":"https:\/\/ms-graz-stjohann.at\/cms\/wp-json\/wp\/v2\/pages\/8\/revisions"}],"predecessor-version":[{"id":8171,"href":"https:\/\/ms-graz-stjohann.at\/cms\/wp-json\/wp\/v2\/pages\/8\/revisions\/8171"}],"up":[{"embeddable":true,"href":"https:\/\/ms-graz-stjohann.at\/cms\/wp-json\/wp\/v2\/pages\/6"}],"wp:featuredmedia":[{"embeddable":true,"href":"https:\/\/ms-graz-stjohann.at\/cms\/wp-json\/wp\/v2\/media\/696"}],"wp:attachment":[{"href":"https:\/\/ms-graz-stjohann.at\/cms\/wp-json\/wp\/v2\/media?parent=8"}],"curies":[{"name":"wp","href":"https:\/\/api.w.org\/{rel}","templated":true}]}}