{"id":8825,"date":"2025-05-18T22:57:58","date_gmt":"2025-05-18T20:57:58","guid":{"rendered":"https:\/\/ms-graz-stjohann.at\/cms\/?page_id=8825"},"modified":"2025-05-18T22:57:58","modified_gmt":"2025-05-18T20:57:58","slug":"psychosoziales-unterstuetzungsteam","status":"publish","type":"page","link":"https:\/\/ms-graz-stjohann.at\/cms\/beratung-unterstuetzung\/psychosoziales-unterstuetzungsteam\/","title":{"rendered":"Psychosoziales Unterst\u00fctzungsteam"},"content":{"rendered":"<div id=\"pl-8825\"  class=\"panel-layout\" ><div id=\"pg-8825-0\"  class=\"panel-grid panel-no-style\" ><div id=\"pgc-8825-0-0\"  class=\"panel-grid-cell\" ><div id=\"panel-8825-0-0-0\" class=\"so-panel widget widget_sow-editor panel-first-child panel-last-child\" data-index=\"0\" ><div\n\t\t\t\n\t\t\tclass=\"so-widget-sow-editor so-widget-sow-editor-base\"\n\t\t\t\n\t\t>\n<div class=\"siteorigin-widget-tinymce textwidget\">\n\t<p>Das <strong>Psychosoziale Unterst\u00fctzungsteam der Schulpsychologie Steiermark<\/strong> bietet psychosoziale Beratung und Unterst\u00fctzung bei sozialer Benachteiligung und Diversit\u00e4t f\u00fcr Sch\u00fclerinnen und Sch\u00fcler, Eltern\/Erziehungsberechtigte, Schulleitungen, Lehrerinnen und Lehrer.<\/p>\n<p>Das Team umfasst Psychologinnen und Psychologen, Sozialarbeiterinnen und Sozialarbeiter, Sozialp\u00e4dagoginnen und Sozialp\u00e4dagogen und P\u00e4dagoginnen und P\u00e4dagogen, welche \u00fcber Systemkenntnis und Erfahrung in der Arbeit im Schulbereich verf\u00fcgen. Es setzt sich aus <strong>mobilen<\/strong> und <strong>standortbezogenen<\/strong> Expertinnen und Experten mit unterschiedlichen Sprachkenntnissen und interkulturellen Kompetenzen zusammen.<\/p>\n<p><a href=\"https:\/\/www.bildung-stmk.gv.at\/service\/schulpsychologie\/Beratungsstellen-und-Erreichbarkeiten.html\" target=\"_blank\" rel=\"noopener\">(mehr Info hier)<\/a><\/p>\n<\/div>\n<\/div><\/div><\/div><\/div><div id=\"pg-8825-1\"  class=\"panel-grid panel-no-style\" ><div id=\"pgc-8825-1-0\"  class=\"panel-grid-cell\" ><div id=\"panel-8825-1-0-0\" class=\"so-panel widget widget_sow-editor panel-first-child panel-last-child\" data-index=\"1\" ><div\n\t\t\t\n\t\t\tclass=\"so-widget-sow-editor so-widget-sow-editor-base\"\n\t\t\t\n\t\t>\n<div class=\"siteorigin-widget-tinymce textwidget\">\n\t<p><strong>Sozialarbeiterin (standortbezogen)<\/strong><\/p>\n<p><a href=\"https:\/\/ms-graz-stjohann.at\/cms\/?page_id=8840&amp;preview=true\">Dipl. Sozp\u00e4d. Miriam Hoheisel<\/a><\/p>\n<\/div>\n<\/div><\/div><\/div><div id=\"pgc-8825-1-1\"  class=\"panel-grid-cell\" ><div id=\"panel-8825-1-1-0\" class=\"so-panel widget widget_sow-editor panel-first-child panel-last-child\" data-index=\"2\" ><div\n\t\t\t\n\t\t\tclass=\"so-widget-sow-editor so-widget-sow-editor-base\"\n\t\t\t\n\t\t>\n<div class=\"siteorigin-widget-tinymce textwidget\">\n\t<p><strong>Schulpsychologie<\/strong><\/p>\n<p>Mag. Christina Ludwig<\/p>\n<p><a href=\"http:\/\/ms-graz-stjohann.at\/cms\/wp-content\/uploads\/2022\/03\/Infoblatt_Schulpsych.-Mag.-Ludwig.pdf\" target=\"_blank\" rel=\"noopener\">Informationsblatt und Kontaktaufnahme<\/a><\/p>\n<\/div>\n<\/div><\/div><\/div><\/div><\/div>","protected":false},"excerpt":{"rendered":"<p>Das Psychosoziale Unterst\u00fctzungsteam der Schulpsychologie Steiermark bietet psychosoziale Beratung und Unterst\u00fctzung bei sozialer Benachteiligung und Diversit\u00e4t f\u00fcr Sch\u00fclerinnen und Sch\u00fcler, Eltern\/Erziehungsberechtigte, Schulleitungen, Lehrerinnen und Lehrer. Das Team umfasst Psychologinnen und Psychologen, Sozialarbeiterinnen und Sozialarbeiter, Sozialp\u00e4dagoginnen und Sozialp\u00e4dagogen und P\u00e4dagoginnen und P\u00e4dagogen, welche \u00fcber Systemkenntnis und Erfahrung in der Arbeit im Schulbereich verf\u00fcgen. Es setzt sich [&hellip;]<\/p>\n","protected":false},"author":4,"featured_media":8845,"parent":8873,"menu_order":2,"comment_status":"closed","ping_status":"closed","template":"","meta":{"_uag_custom_page_level_css":"","footnotes":""},"class_list":["post-8825","page","type-page","status-publish","has-post-thumbnail","czr-hentry"],"uagb_featured_image_src":{"full":["https:\/\/ms-graz-stjohann.at\/cms\/wp-content\/uploads\/2022\/03\/studenten-die-einer-studiengruppe-arbeiten-scaled.jpg",2560,1706,false],"thumbnail":["https:\/\/ms-graz-stjohann.at\/cms\/wp-content\/uploads\/2022\/03\/studenten-die-einer-studiengruppe-arbeiten-150x150.jpg",150,150,true],"medium":["https:\/\/ms-graz-stjohann.at\/cms\/wp-content\/uploads\/2022\/03\/studenten-die-einer-studiengruppe-arbeiten-300x200.jpg",300,200,true],"medium_large":["https:\/\/ms-graz-stjohann.at\/cms\/wp-content\/uploads\/2022\/03\/studenten-die-einer-studiengruppe-arbeiten-768x512.jpg",768,512,true],"large":["https:\/\/ms-graz-stjohann.at\/cms\/wp-content\/uploads\/2022\/03\/studenten-die-einer-studiengruppe-arbeiten-1024x683.jpg",1024,683,true],"1536x1536":["https:\/\/ms-graz-stjohann.at\/cms\/wp-content\/uploads\/2022\/03\/studenten-die-einer-studiengruppe-arbeiten-1536x1024.jpg",1536,1024,true],"2048x2048":["https:\/\/ms-graz-stjohann.at\/cms\/wp-content\/uploads\/2022\/03\/studenten-die-einer-studiengruppe-arbeiten-2048x1365.jpg",2048,1365,true],"tc-grid-full":["https:\/\/ms-graz-stjohann.at\/cms\/wp-content\/uploads\/2022\/03\/studenten-die-einer-studiengruppe-arbeiten-1110x444.jpg",1110,444,true],"tc-grid":["https:\/\/ms-graz-stjohann.at\/cms\/wp-content\/uploads\/2022\/03\/studenten-die-einer-studiengruppe-arbeiten-570x350.jpg",570,350,true],"tc-thumb":["https:\/\/ms-graz-stjohann.at\/cms\/wp-content\/uploads\/2022\/03\/studenten-die-einer-studiengruppe-arbeiten-270x250.jpg",270,250,true],"slider-full":["https:\/\/ms-graz-stjohann.at\/cms\/wp-content\/uploads\/2022\/03\/studenten-die-einer-studiengruppe-arbeiten-5000x325.jpg",5000,325,true],"slider":["https:\/\/ms-graz-stjohann.at\/cms\/wp-content\/uploads\/2022\/03\/studenten-die-einer-studiengruppe-arbeiten-1110x325.jpg",1110,325,true],"tc-sq-thumb":["https:\/\/ms-graz-stjohann.at\/cms\/wp-content\/uploads\/2022\/03\/studenten-die-einer-studiengruppe-arbeiten-510x510.jpg",510,510,true],"tc-ws-thumb":["https:\/\/ms-graz-stjohann.at\/cms\/wp-content\/uploads\/2022\/03\/studenten-die-einer-studiengruppe-arbeiten-1110x624.jpg",1110,624,true],"tc-ws-small-thumb":["https:\/\/ms-graz-stjohann.at\/cms\/wp-content\/uploads\/2022\/03\/studenten-die-einer-studiengruppe-arbeiten-528x297.jpg",528,297,true],"tc-slider-small":["https:\/\/ms-graz-stjohann.at\/cms\/wp-content\/uploads\/2022\/03\/studenten-die-einer-studiengruppe-arbeiten-517x152.jpg",517,152,true],"sow-carousel-default":["https:\/\/ms-graz-stjohann.at\/cms\/wp-content\/uploads\/2022\/03\/studenten-die-einer-studiengruppe-arbeiten-272x182.jpg",272,182,true]},"uagb_author_info":{"display_name":"Alexander Lehner","author_link":"https:\/\/ms-graz-stjohann.at\/cms\/author\/alexander-lehner\/"},"uagb_comment_info":0,"uagb_excerpt":"Das Psychosoziale Unterst\u00fctzungsteam der Schulpsychologie Steiermark bietet psychosoziale Beratung und Unterst\u00fctzung bei sozialer Benachteiligung und Diversit\u00e4t f\u00fcr Sch\u00fclerinnen und Sch\u00fcler, Eltern\/Erziehungsberechtigte, Schulleitungen, Lehrerinnen und Lehrer. Das Team umfasst Psychologinnen und Psychologen, Sozialarbeiterinnen und Sozialarbeiter, Sozialp\u00e4dagoginnen und Sozialp\u00e4dagogen und P\u00e4dagoginnen und P\u00e4dagogen, welche \u00fcber Systemkenntnis und Erfahrung in der Arbeit im Schulbereich verf\u00fcgen. Es setzt sich&hellip;","_links":{"self":[{"href":"https:\/\/ms-graz-stjohann.at\/cms\/wp-json\/wp\/v2\/pages\/8825","targetHints":{"allow":["GET"]}}],"collection":[{"href":"https:\/\/ms-graz-stjohann.at\/cms\/wp-json\/wp\/v2\/pages"}],"about":[{"href":"https:\/\/ms-graz-stjohann.at\/cms\/wp-json\/wp\/v2\/types\/page"}],"author":[{"embeddable":true,"href":"https:\/\/ms-graz-stjohann.at\/cms\/wp-json\/wp\/v2\/users\/4"}],"replies":[{"embeddable":true,"href":"https:\/\/ms-graz-stjohann.at\/cms\/wp-json\/wp\/v2\/comments?post=8825"}],"version-history":[{"count":6,"href":"https:\/\/ms-graz-stjohann.at\/cms\/wp-json\/wp\/v2\/pages\/8825\/revisions"}],"predecessor-version":[{"id":8850,"href":"https:\/\/ms-graz-stjohann.at\/cms\/wp-json\/wp\/v2\/pages\/8825\/revisions\/8850"}],"up":[{"embeddable":true,"href":"https:\/\/ms-graz-stjohann.at\/cms\/wp-json\/wp\/v2\/pages\/8873"}],"wp:featuredmedia":[{"embeddable":true,"href":"https:\/\/ms-graz-stjohann.at\/cms\/wp-json\/wp\/v2\/media\/8845"}],"wp:attachment":[{"href":"https:\/\/ms-graz-stjohann.at\/cms\/wp-json\/wp\/v2\/media?parent=8825"}],"curies":[{"name":"wp","href":"https:\/\/api.w.org\/{rel}","templated":true}]}}