{"id":8829,"date":"2025-05-18T22:56:40","date_gmt":"2025-05-18T20:56:40","guid":{"rendered":"https:\/\/ms-graz-stjohann.at\/cms\/?page_id=8829"},"modified":"2025-05-21T22:05:36","modified_gmt":"2025-05-21T20:05:36","slug":"jugendcoaching","status":"publish","type":"page","link":"https:\/\/ms-graz-stjohann.at\/cms\/beratung-unterstuetzung\/jugendcoaching\/","title":{"rendered":"Jugendcoaching"},"content":{"rendered":"<p><span class=\"NormalTextRun SCXW198345199 BCX0\">Das <\/span><span class=\"NormalTextRun SCXW198345199 BCX0\">Jugendcoaching<\/span> <span class=\"NormalTextRun SCXW198345199 BCX0\">begleitet Jugendliche individuell <\/span><span class=\"NormalTextRun SCXW198345199 BCX0\">auf dem Weg<\/span><span class=\"NormalTextRun SCXW198345199 BCX0\"> in eine Ausbildung.<\/span><span class=\"NormalTextRun SCXW198345199 BCX0\"> Das Angebot ist kostenlos und freiwillig und richtet sich an alle Jugendlichen ab dem 9.<\/span> <span class=\"NormalTextRun SCXW198345199 BCX0\">Schul<\/span><span class=\"NormalTextRun SCXW198345199 BCX0\">jahr, auch an <\/span><span class=\"NormalTextRun SpellingErrorV2Themed SCXW198345199 BCX0\">Sch\u00fcler<\/span><span class=\"NormalTextRun SpellingErrorV2Themed SCXW198345199 BCX0\">:<\/span><span class=\"NormalTextRun SpellingErrorV2Themed SCXW198345199 BCX0\">innen<\/span><span class=\"NormalTextRun SCXW198345199 BCX0\"> mit sonderp\u00e4dagogischem F\u00f6rderbedarf.<\/span><\/p>\n<p><a href=\"http:\/\/ms-graz-stjohann.at\/cms\/wp-content\/uploads\/2022\/03\/Jugendcoaching-Text-Homepage.pdf\" target=\"_blank\" rel=\"noopener\">weitere Infos<\/a><\/p>\n","protected":false},"excerpt":{"rendered":"<p>Das Jugendcoaching begleitet Jugendliche individuell auf dem Weg in eine Ausbildung. Das Angebot ist kostenlos und freiwillig und richtet sich an alle Jugendlichen ab dem 9. Schuljahr, auch an Sch\u00fcler:innen mit sonderp\u00e4dagogischem F\u00f6rderbedarf. weitere Infos<\/p>\n","protected":false},"author":4,"featured_media":8845,"parent":8873,"menu_order":4,"comment_status":"closed","ping_status":"closed","template":"","meta":{"_uag_custom_page_level_css":"","footnotes":""},"class_list":["post-8829","page","type-page","status-publish","has-post-thumbnail","czr-hentry"],"uagb_featured_image_src":{"full":["https:\/\/ms-graz-stjohann.at\/cms\/wp-content\/uploads\/2022\/03\/studenten-die-einer-studiengruppe-arbeiten-scaled.jpg",2560,1706,false],"thumbnail":["https:\/\/ms-graz-stjohann.at\/cms\/wp-content\/uploads\/2022\/03\/studenten-die-einer-studiengruppe-arbeiten-150x150.jpg",150,150,true],"medium":["https:\/\/ms-graz-stjohann.at\/cms\/wp-content\/uploads\/2022\/03\/studenten-die-einer-studiengruppe-arbeiten-300x200.jpg",300,200,true],"medium_large":["https:\/\/ms-graz-stjohann.at\/cms\/wp-content\/uploads\/2022\/03\/studenten-die-einer-studiengruppe-arbeiten-768x512.jpg",768,512,true],"large":["https:\/\/ms-graz-stjohann.at\/cms\/wp-content\/uploads\/2022\/03\/studenten-die-einer-studiengruppe-arbeiten-1024x683.jpg",1024,683,true],"1536x1536":["https:\/\/ms-graz-stjohann.at\/cms\/wp-content\/uploads\/2022\/03\/studenten-die-einer-studiengruppe-arbeiten-1536x1024.jpg",1536,1024,true],"2048x2048":["https:\/\/ms-graz-stjohann.at\/cms\/wp-content\/uploads\/2022\/03\/studenten-die-einer-studiengruppe-arbeiten-2048x1365.jpg",2048,1365,true],"tc-grid-full":["https:\/\/ms-graz-stjohann.at\/cms\/wp-content\/uploads\/2022\/03\/studenten-die-einer-studiengruppe-arbeiten-1110x444.jpg",1110,444,true],"tc-grid":["https:\/\/ms-graz-stjohann.at\/cms\/wp-content\/uploads\/2022\/03\/studenten-die-einer-studiengruppe-arbeiten-570x350.jpg",570,350,true],"tc-thumb":["https:\/\/ms-graz-stjohann.at\/cms\/wp-content\/uploads\/2022\/03\/studenten-die-einer-studiengruppe-arbeiten-270x250.jpg",270,250,true],"slider-full":["https:\/\/ms-graz-stjohann.at\/cms\/wp-content\/uploads\/2022\/03\/studenten-die-einer-studiengruppe-arbeiten-5000x325.jpg",5000,325,true],"slider":["https:\/\/ms-graz-stjohann.at\/cms\/wp-content\/uploads\/2022\/03\/studenten-die-einer-studiengruppe-arbeiten-1110x325.jpg",1110,325,true],"tc-sq-thumb":["https:\/\/ms-graz-stjohann.at\/cms\/wp-content\/uploads\/2022\/03\/studenten-die-einer-studiengruppe-arbeiten-510x510.jpg",510,510,true],"tc-ws-thumb":["https:\/\/ms-graz-stjohann.at\/cms\/wp-content\/uploads\/2022\/03\/studenten-die-einer-studiengruppe-arbeiten-1110x624.jpg",1110,624,true],"tc-ws-small-thumb":["https:\/\/ms-graz-stjohann.at\/cms\/wp-content\/uploads\/2022\/03\/studenten-die-einer-studiengruppe-arbeiten-528x297.jpg",528,297,true],"tc-slider-small":["https:\/\/ms-graz-stjohann.at\/cms\/wp-content\/uploads\/2022\/03\/studenten-die-einer-studiengruppe-arbeiten-517x152.jpg",517,152,true],"sow-carousel-default":["https:\/\/ms-graz-stjohann.at\/cms\/wp-content\/uploads\/2022\/03\/studenten-die-einer-studiengruppe-arbeiten-272x182.jpg",272,182,true]},"uagb_author_info":{"display_name":"Alexander Lehner","author_link":"https:\/\/ms-graz-stjohann.at\/cms\/author\/alexander-lehner\/"},"uagb_comment_info":0,"uagb_excerpt":"Das Jugendcoaching begleitet Jugendliche individuell auf dem Weg in eine Ausbildung. Das Angebot ist kostenlos und freiwillig und richtet sich an alle Jugendlichen ab dem 9. Schuljahr, auch an Sch\u00fcler:innen mit sonderp\u00e4dagogischem F\u00f6rderbedarf. weitere Infos","_links":{"self":[{"href":"https:\/\/ms-graz-stjohann.at\/cms\/wp-json\/wp\/v2\/pages\/8829","targetHints":{"allow":["GET"]}}],"collection":[{"href":"https:\/\/ms-graz-stjohann.at\/cms\/wp-json\/wp\/v2\/pages"}],"about":[{"href":"https:\/\/ms-graz-stjohann.at\/cms\/wp-json\/wp\/v2\/types\/page"}],"author":[{"embeddable":true,"href":"https:\/\/ms-graz-stjohann.at\/cms\/wp-json\/wp\/v2\/users\/4"}],"replies":[{"embeddable":true,"href":"https:\/\/ms-graz-stjohann.at\/cms\/wp-json\/wp\/v2\/comments?post=8829"}],"version-history":[{"count":7,"href":"https:\/\/ms-graz-stjohann.at\/cms\/wp-json\/wp\/v2\/pages\/8829\/revisions"}],"predecessor-version":[{"id":8892,"href":"https:\/\/ms-graz-stjohann.at\/cms\/wp-json\/wp\/v2\/pages\/8829\/revisions\/8892"}],"up":[{"embeddable":true,"href":"https:\/\/ms-graz-stjohann.at\/cms\/wp-json\/wp\/v2\/pages\/8873"}],"wp:featuredmedia":[{"embeddable":true,"href":"https:\/\/ms-graz-stjohann.at\/cms\/wp-json\/wp\/v2\/media\/8845"}],"wp:attachment":[{"href":"https:\/\/ms-graz-stjohann.at\/cms\/wp-json\/wp\/v2\/media?parent=8829"}],"curies":[{"name":"wp","href":"https:\/\/api.w.org\/{rel}","templated":true}]}}