{"id":8833,"date":"2025-05-18T23:00:11","date_gmt":"2025-05-18T21:00:11","guid":{"rendered":"https:\/\/ms-graz-stjohann.at\/cms\/?page_id=8833"},"modified":"2025-05-18T23:00:11","modified_gmt":"2025-05-18T21:00:11","slug":"streitschlichterinnen","status":"publish","type":"page","link":"https:\/\/ms-graz-stjohann.at\/cms\/beratung-unterstuetzung\/streitschlichterinnen\/","title":{"rendered":"Streitschlichter:innen"},"content":{"rendered":"<p><strong>F\u00fcr ein friedliches Miteinander an unserer Schule! <\/strong><\/p>\n<p>Seit 2022 bilden wir j\u00e4hrlich zu Schulbeginn eine Gruppe aus 2. und 3. Kl\u00e4sslern zu <strong>Streitschlichtern<\/strong> aus. Die Ausbildung findet immer w\u00f6chentlich statt und dauert ca. 1 Schulhalbjahr. Anschlie\u00dfend sind die Sch\u00fclerinnen und Sch\u00fcler in der Lage allt\u00e4gliche Streitigkeiten und Konflikte selbst\u00e4ndig mit ihren Mitsch\u00fclerinnen\/Mitsch\u00fclern zu kl\u00e4ren.<\/p>\n<p>Hierf\u00fcr haben wir einen eigenen \u201eStreitschlichterraum\u201c. Au\u00dferdem sind die Streitschlichter regelm\u00e4\u00dfig in den Pausen auf dem Schulhof unterwegs, um auch dort Konflikte kl\u00e4ren zu k\u00f6nnen!<\/p>\n<p>Zurzeit arbeiten 10 ausgebildete Streitschlichter und Streitschlichterinnen aus den 2.,3. und 4. Klassen in unserer Schule.<\/p>\n<p>Verantwortlich f\u00fcr die Ausbildung und Betreuung: Miriam Hoheisel (Dipl.Sozialp\u00e4d, Sozialarb., Mediatorin); Alexander Lehner, BEd<\/p>\n","protected":false},"excerpt":{"rendered":"<p>F\u00fcr ein friedliches Miteinander an unserer Schule! Seit 2022 bilden wir j\u00e4hrlich zu Schulbeginn eine Gruppe aus 2. und 3. Kl\u00e4sslern zu Streitschlichtern aus. Die Ausbildung findet immer w\u00f6chentlich statt und dauert ca. 1 Schulhalbjahr. Anschlie\u00dfend sind die Sch\u00fclerinnen und Sch\u00fcler in der Lage allt\u00e4gliche Streitigkeiten und Konflikte selbst\u00e4ndig mit ihren Mitsch\u00fclerinnen\/Mitsch\u00fclern zu kl\u00e4ren. Hierf\u00fcr [&hellip;]<\/p>\n","protected":false},"author":4,"featured_media":8845,"parent":8873,"menu_order":5,"comment_status":"closed","ping_status":"closed","template":"","meta":{"_uag_custom_page_level_css":"","footnotes":""},"class_list":["post-8833","page","type-page","status-publish","has-post-thumbnail","czr-hentry"],"uagb_featured_image_src":{"full":["https:\/\/ms-graz-stjohann.at\/cms\/wp-content\/uploads\/2022\/03\/studenten-die-einer-studiengruppe-arbeiten-scaled.jpg",2560,1706,false],"thumbnail":["https:\/\/ms-graz-stjohann.at\/cms\/wp-content\/uploads\/2022\/03\/studenten-die-einer-studiengruppe-arbeiten-150x150.jpg",150,150,true],"medium":["https:\/\/ms-graz-stjohann.at\/cms\/wp-content\/uploads\/2022\/03\/studenten-die-einer-studiengruppe-arbeiten-300x200.jpg",300,200,true],"medium_large":["https:\/\/ms-graz-stjohann.at\/cms\/wp-content\/uploads\/2022\/03\/studenten-die-einer-studiengruppe-arbeiten-768x512.jpg",768,512,true],"large":["https:\/\/ms-graz-stjohann.at\/cms\/wp-content\/uploads\/2022\/03\/studenten-die-einer-studiengruppe-arbeiten-1024x683.jpg",1024,683,true],"1536x1536":["https:\/\/ms-graz-stjohann.at\/cms\/wp-content\/uploads\/2022\/03\/studenten-die-einer-studiengruppe-arbeiten-1536x1024.jpg",1536,1024,true],"2048x2048":["https:\/\/ms-graz-stjohann.at\/cms\/wp-content\/uploads\/2022\/03\/studenten-die-einer-studiengruppe-arbeiten-2048x1365.jpg",2048,1365,true],"tc-grid-full":["https:\/\/ms-graz-stjohann.at\/cms\/wp-content\/uploads\/2022\/03\/studenten-die-einer-studiengruppe-arbeiten-1110x444.jpg",1110,444,true],"tc-grid":["https:\/\/ms-graz-stjohann.at\/cms\/wp-content\/uploads\/2022\/03\/studenten-die-einer-studiengruppe-arbeiten-570x350.jpg",570,350,true],"tc-thumb":["https:\/\/ms-graz-stjohann.at\/cms\/wp-content\/uploads\/2022\/03\/studenten-die-einer-studiengruppe-arbeiten-270x250.jpg",270,250,true],"slider-full":["https:\/\/ms-graz-stjohann.at\/cms\/wp-content\/uploads\/2022\/03\/studenten-die-einer-studiengruppe-arbeiten-5000x325.jpg",5000,325,true],"slider":["https:\/\/ms-graz-stjohann.at\/cms\/wp-content\/uploads\/2022\/03\/studenten-die-einer-studiengruppe-arbeiten-1110x325.jpg",1110,325,true],"tc-sq-thumb":["https:\/\/ms-graz-stjohann.at\/cms\/wp-content\/uploads\/2022\/03\/studenten-die-einer-studiengruppe-arbeiten-510x510.jpg",510,510,true],"tc-ws-thumb":["https:\/\/ms-graz-stjohann.at\/cms\/wp-content\/uploads\/2022\/03\/studenten-die-einer-studiengruppe-arbeiten-1110x624.jpg",1110,624,true],"tc-ws-small-thumb":["https:\/\/ms-graz-stjohann.at\/cms\/wp-content\/uploads\/2022\/03\/studenten-die-einer-studiengruppe-arbeiten-528x297.jpg",528,297,true],"tc-slider-small":["https:\/\/ms-graz-stjohann.at\/cms\/wp-content\/uploads\/2022\/03\/studenten-die-einer-studiengruppe-arbeiten-517x152.jpg",517,152,true],"sow-carousel-default":["https:\/\/ms-graz-stjohann.at\/cms\/wp-content\/uploads\/2022\/03\/studenten-die-einer-studiengruppe-arbeiten-272x182.jpg",272,182,true]},"uagb_author_info":{"display_name":"Alexander Lehner","author_link":"https:\/\/ms-graz-stjohann.at\/cms\/author\/alexander-lehner\/"},"uagb_comment_info":0,"uagb_excerpt":"F\u00fcr ein friedliches Miteinander an unserer Schule! Seit 2022 bilden wir j\u00e4hrlich zu Schulbeginn eine Gruppe aus 2. und 3. Kl\u00e4sslern zu Streitschlichtern aus. Die Ausbildung findet immer w\u00f6chentlich statt und dauert ca. 1 Schulhalbjahr. Anschlie\u00dfend sind die Sch\u00fclerinnen und Sch\u00fcler in der Lage allt\u00e4gliche Streitigkeiten und Konflikte selbst\u00e4ndig mit ihren Mitsch\u00fclerinnen\/Mitsch\u00fclern zu kl\u00e4ren. Hierf\u00fcr&hellip;","_links":{"self":[{"href":"https:\/\/ms-graz-stjohann.at\/cms\/wp-json\/wp\/v2\/pages\/8833","targetHints":{"allow":["GET"]}}],"collection":[{"href":"https:\/\/ms-graz-stjohann.at\/cms\/wp-json\/wp\/v2\/pages"}],"about":[{"href":"https:\/\/ms-graz-stjohann.at\/cms\/wp-json\/wp\/v2\/types\/page"}],"author":[{"embeddable":true,"href":"https:\/\/ms-graz-stjohann.at\/cms\/wp-json\/wp\/v2\/users\/4"}],"replies":[{"embeddable":true,"href":"https:\/\/ms-graz-stjohann.at\/cms\/wp-json\/wp\/v2\/comments?post=8833"}],"version-history":[{"count":5,"href":"https:\/\/ms-graz-stjohann.at\/cms\/wp-json\/wp\/v2\/pages\/8833\/revisions"}],"predecessor-version":[{"id":8861,"href":"https:\/\/ms-graz-stjohann.at\/cms\/wp-json\/wp\/v2\/pages\/8833\/revisions\/8861"}],"up":[{"embeddable":true,"href":"https:\/\/ms-graz-stjohann.at\/cms\/wp-json\/wp\/v2\/pages\/8873"}],"wp:featuredmedia":[{"embeddable":true,"href":"https:\/\/ms-graz-stjohann.at\/cms\/wp-json\/wp\/v2\/media\/8845"}],"wp:attachment":[{"href":"https:\/\/ms-graz-stjohann.at\/cms\/wp-json\/wp\/v2\/media?parent=8833"}],"curies":[{"name":"wp","href":"https:\/\/api.w.org\/{rel}","templated":true}]}}