{"id":8835,"date":"2025-05-18T23:00:38","date_gmt":"2025-05-18T21:00:38","guid":{"rendered":"https:\/\/ms-graz-stjohann.at\/cms\/?page_id=8835"},"modified":"2025-05-18T23:00:38","modified_gmt":"2025-05-18T21:00:38","slug":"schulparlament","status":"publish","type":"page","link":"https:\/\/ms-graz-stjohann.at\/cms\/beratung-unterstuetzung\/schulparlament\/","title":{"rendered":"Schulparlament"},"content":{"rendered":"<p><strong>DEMOKRATIE leben an unserer Schule! <\/strong><\/p>\n<p>Einmal im Monat trifft sich unser <strong>Schulparlament,<\/strong> um gemeinsam mit allen \u00a0Klassenvertretern\/innen\/und ihren Stellvertretern\/innen \u00fcber die Belange an unserer Schule zu diskutieren.<\/p>\n<p>Hier k\u00f6nnen Ideen und W\u00fcnsche f\u00fcr unsere Schule eingebracht, diskutiert und mehrheitlich beschlossen werden. Wir sprechen \u00fcber neue Anschaffungen f\u00fcr die Schule, Klassenfeste, Projekte und \u00fcber die Verbesserung unseres Schulklimas. Alle Beschl\u00fcsse werden von unserem Vorsitzenden mit seiner Stellvertreterin mit unserer Direktorin besprochen. Sie entscheidet anschlie\u00dfend gemeinsam mit unseren Lehrerinnen und Lehrern welche Pl\u00e4ne f\u00fcr die Sch\u00fcler:innengemeinschaft machbar und umsetzbar ist.<\/p>\n<p>Verantwortlich: Miriam Hoheisel (Dipl.Sozialp\u00e4d.\/Sozialarb., Mediatorin); Alexander Lehner, BEd; Daniela K\u00f6nig-Merzlikar<\/p>\n","protected":false},"excerpt":{"rendered":"<p>DEMOKRATIE leben an unserer Schule! Einmal im Monat trifft sich unser Schulparlament, um gemeinsam mit allen \u00a0Klassenvertretern\/innen\/und ihren Stellvertretern\/innen \u00fcber die Belange an unserer Schule zu diskutieren. Hier k\u00f6nnen Ideen und W\u00fcnsche f\u00fcr unsere Schule eingebracht, diskutiert und mehrheitlich beschlossen werden. Wir sprechen \u00fcber neue Anschaffungen f\u00fcr die Schule, Klassenfeste, Projekte und \u00fcber die Verbesserung [&hellip;]<\/p>\n","protected":false},"author":4,"featured_media":8845,"parent":8873,"menu_order":6,"comment_status":"closed","ping_status":"closed","template":"","meta":{"_uag_custom_page_level_css":"","footnotes":""},"class_list":["post-8835","page","type-page","status-publish","has-post-thumbnail","czr-hentry"],"uagb_featured_image_src":{"full":["https:\/\/ms-graz-stjohann.at\/cms\/wp-content\/uploads\/2022\/03\/studenten-die-einer-studiengruppe-arbeiten-scaled.jpg",2560,1706,false],"thumbnail":["https:\/\/ms-graz-stjohann.at\/cms\/wp-content\/uploads\/2022\/03\/studenten-die-einer-studiengruppe-arbeiten-150x150.jpg",150,150,true],"medium":["https:\/\/ms-graz-stjohann.at\/cms\/wp-content\/uploads\/2022\/03\/studenten-die-einer-studiengruppe-arbeiten-300x200.jpg",300,200,true],"medium_large":["https:\/\/ms-graz-stjohann.at\/cms\/wp-content\/uploads\/2022\/03\/studenten-die-einer-studiengruppe-arbeiten-768x512.jpg",768,512,true],"large":["https:\/\/ms-graz-stjohann.at\/cms\/wp-content\/uploads\/2022\/03\/studenten-die-einer-studiengruppe-arbeiten-1024x683.jpg",1024,683,true],"1536x1536":["https:\/\/ms-graz-stjohann.at\/cms\/wp-content\/uploads\/2022\/03\/studenten-die-einer-studiengruppe-arbeiten-1536x1024.jpg",1536,1024,true],"2048x2048":["https:\/\/ms-graz-stjohann.at\/cms\/wp-content\/uploads\/2022\/03\/studenten-die-einer-studiengruppe-arbeiten-2048x1365.jpg",2048,1365,true],"tc-grid-full":["https:\/\/ms-graz-stjohann.at\/cms\/wp-content\/uploads\/2022\/03\/studenten-die-einer-studiengruppe-arbeiten-1110x444.jpg",1110,444,true],"tc-grid":["https:\/\/ms-graz-stjohann.at\/cms\/wp-content\/uploads\/2022\/03\/studenten-die-einer-studiengruppe-arbeiten-570x350.jpg",570,350,true],"tc-thumb":["https:\/\/ms-graz-stjohann.at\/cms\/wp-content\/uploads\/2022\/03\/studenten-die-einer-studiengruppe-arbeiten-270x250.jpg",270,250,true],"slider-full":["https:\/\/ms-graz-stjohann.at\/cms\/wp-content\/uploads\/2022\/03\/studenten-die-einer-studiengruppe-arbeiten-5000x325.jpg",5000,325,true],"slider":["https:\/\/ms-graz-stjohann.at\/cms\/wp-content\/uploads\/2022\/03\/studenten-die-einer-studiengruppe-arbeiten-1110x325.jpg",1110,325,true],"tc-sq-thumb":["https:\/\/ms-graz-stjohann.at\/cms\/wp-content\/uploads\/2022\/03\/studenten-die-einer-studiengruppe-arbeiten-510x510.jpg",510,510,true],"tc-ws-thumb":["https:\/\/ms-graz-stjohann.at\/cms\/wp-content\/uploads\/2022\/03\/studenten-die-einer-studiengruppe-arbeiten-1110x624.jpg",1110,624,true],"tc-ws-small-thumb":["https:\/\/ms-graz-stjohann.at\/cms\/wp-content\/uploads\/2022\/03\/studenten-die-einer-studiengruppe-arbeiten-528x297.jpg",528,297,true],"tc-slider-small":["https:\/\/ms-graz-stjohann.at\/cms\/wp-content\/uploads\/2022\/03\/studenten-die-einer-studiengruppe-arbeiten-517x152.jpg",517,152,true],"sow-carousel-default":["https:\/\/ms-graz-stjohann.at\/cms\/wp-content\/uploads\/2022\/03\/studenten-die-einer-studiengruppe-arbeiten-272x182.jpg",272,182,true]},"uagb_author_info":{"display_name":"Alexander Lehner","author_link":"https:\/\/ms-graz-stjohann.at\/cms\/author\/alexander-lehner\/"},"uagb_comment_info":0,"uagb_excerpt":"DEMOKRATIE leben an unserer Schule! Einmal im Monat trifft sich unser Schulparlament, um gemeinsam mit allen \u00a0Klassenvertretern\/innen\/und ihren Stellvertretern\/innen \u00fcber die Belange an unserer Schule zu diskutieren. Hier k\u00f6nnen Ideen und W\u00fcnsche f\u00fcr unsere Schule eingebracht, diskutiert und mehrheitlich beschlossen werden. Wir sprechen \u00fcber neue Anschaffungen f\u00fcr die Schule, Klassenfeste, Projekte und \u00fcber die Verbesserung&hellip;","_links":{"self":[{"href":"https:\/\/ms-graz-stjohann.at\/cms\/wp-json\/wp\/v2\/pages\/8835","targetHints":{"allow":["GET"]}}],"collection":[{"href":"https:\/\/ms-graz-stjohann.at\/cms\/wp-json\/wp\/v2\/pages"}],"about":[{"href":"https:\/\/ms-graz-stjohann.at\/cms\/wp-json\/wp\/v2\/types\/page"}],"author":[{"embeddable":true,"href":"https:\/\/ms-graz-stjohann.at\/cms\/wp-json\/wp\/v2\/users\/4"}],"replies":[{"embeddable":true,"href":"https:\/\/ms-graz-stjohann.at\/cms\/wp-json\/wp\/v2\/comments?post=8835"}],"version-history":[{"count":10,"href":"https:\/\/ms-graz-stjohann.at\/cms\/wp-json\/wp\/v2\/pages\/8835\/revisions"}],"predecessor-version":[{"id":8865,"href":"https:\/\/ms-graz-stjohann.at\/cms\/wp-json\/wp\/v2\/pages\/8835\/revisions\/8865"}],"up":[{"embeddable":true,"href":"https:\/\/ms-graz-stjohann.at\/cms\/wp-json\/wp\/v2\/pages\/8873"}],"wp:featuredmedia":[{"embeddable":true,"href":"https:\/\/ms-graz-stjohann.at\/cms\/wp-json\/wp\/v2\/media\/8845"}],"wp:attachment":[{"href":"https:\/\/ms-graz-stjohann.at\/cms\/wp-json\/wp\/v2\/media?parent=8835"}],"curies":[{"name":"wp","href":"https:\/\/api.w.org\/{rel}","templated":true}]}}