{"id":8840,"date":"2025-05-18T23:06:47","date_gmt":"2025-05-18T21:06:47","guid":{"rendered":"https:\/\/ms-graz-stjohann.at\/cms\/?page_id=8840"},"modified":"2025-05-18T23:06:47","modified_gmt":"2025-05-18T21:06:47","slug":"schulsozialarbeit","status":"publish","type":"page","link":"https:\/\/ms-graz-stjohann.at\/cms\/beratung-unterstuetzung\/psychosoziales-unterstuetzungsteam\/schulsozialarbeit\/","title":{"rendered":"Schulsozialarbeit"},"content":{"rendered":"<div id=\"pl-8840\"  class=\"panel-layout\" ><div id=\"pg-8840-0\"  class=\"panel-grid panel-no-style\" ><div id=\"pgc-8840-0-0\"  class=\"panel-grid-cell\" ><div id=\"panel-8840-0-0-0\" class=\"so-panel widget widget_sow-editor panel-first-child\" data-index=\"0\" ><div\n\t\t\t\n\t\t\tclass=\"so-widget-sow-editor so-widget-sow-editor-base\"\n\t\t\t\n\t\t><h3 class=\"widget-title\">Dipl. Sozialarb.\/Sozialp\u00e4d.(FH) MIRIAM HOHEISEL<\/h3>\n<div class=\"siteorigin-widget-tinymce textwidget\">\n\t<p><strong>Ich bin als Teil des Psychosozialen Unterst\u00fctzungsteams der Schulpsychologie Steiermark an dieser Schule t\u00e4tig.<\/strong><\/p>\n<p>Mein Angebot ist freiwillig, kostenlos und grunds\u00e4tzlich vertraulich.<\/p>\n<p>Ich bin Ansprechperson bei psychosozialen Anliegen f\u00fcr Sch\u00fclerinnen und Sch\u00fcler, Lehrerinnen und Lehrer und Eltern bzw. Erziehungsberechtigte und bem\u00fche mich auf die Bed\u00fcrfnisse der einzelnen Gruppen einzugehen und als Br\u00fccke zwischen ihnen zu dienen.<\/p>\n<p>Die Vernetzung zu bereits bestehenden Unterst\u00fctzungssystemen an der Schule (Schulpsychologie, Beratungslehrerin, Nachmittagsbetreuung, Jugendcoaching, etc.), der Kinder- und Jugendhilfe sowie zu anderen sozialen Einrichtungen spielt eine gro\u00dfe Rolle in meiner Arbeit.<\/p>\n<\/div>\n<\/div><\/div><div id=\"panel-8840-0-0-1\" class=\"so-panel widget widget_sow-editor panel-last-child\" data-index=\"1\" ><div\n\t\t\t\n\t\t\tclass=\"so-widget-sow-editor so-widget-sow-editor-base\"\n\t\t\t\n\t\t>\n<div class=\"siteorigin-widget-tinymce textwidget\">\n\t<p><strong>Ich bin zu folgenden Zeiten an der Schule:<\/strong><\/p>\n<p>Mo - Do von 8-13:30 Uhr<\/p>\n<p>Termine k\u00f6nnen auch au\u00dferhalb dieser Zeiten vereinbart werden.<\/p>\n<p><strong>Ich freue mich auf ein pers\u00f6nliches Kennenlernen!<\/strong><\/p>\n<\/div>\n<\/div><\/div><\/div><div id=\"pgc-8840-0-1\"  class=\"panel-grid-cell\" ><div id=\"panel-8840-0-1-0\" class=\"so-panel widget widget_sow-image panel-first-child\" data-index=\"2\" ><div\n\t\t\t\n\t\t\tclass=\"so-widget-sow-image so-widget-sow-image-default-4e6925654b7a-8840\"\n\t\t\t\n\t\t>\n<div class=\"sow-image-container\">\n\t\t<img \n\tsrc=\"https:\/\/ms-graz-stjohann.at\/cms\/wp-content\/uploads\/2022\/03\/DSC0830-684x1024.jpg\" width=\"684\" height=\"1024\" srcset=\"https:\/\/ms-graz-stjohann.at\/cms\/wp-content\/uploads\/2022\/03\/DSC0830-684x1024.jpg 684w, https:\/\/ms-graz-stjohann.at\/cms\/wp-content\/uploads\/2022\/03\/DSC0830-200x300.jpg 200w, https:\/\/ms-graz-stjohann.at\/cms\/wp-content\/uploads\/2022\/03\/DSC0830-768x1151.jpg 768w, https:\/\/ms-graz-stjohann.at\/cms\/wp-content\/uploads\/2022\/03\/DSC0830-1025x1536.jpg 1025w, https:\/\/ms-graz-stjohann.at\/cms\/wp-content\/uploads\/2022\/03\/DSC0830-1367x2048.jpg 1367w, https:\/\/ms-graz-stjohann.at\/cms\/wp-content\/uploads\/2022\/03\/DSC0830-scaled.jpg 1709w\" sizes=\"(max-width: 684px) 100vw, 684px\" title=\"Miriam Hoheisel\" alt=\"\" \t\tclass=\"so-widget-image\"\/>\n\t<\/div>\n\n<\/div><\/div><div id=\"panel-8840-0-1-1\" class=\"so-panel widget widget_sow-editor panel-last-child\" data-index=\"3\" ><div\n\t\t\t\n\t\t\tclass=\"so-widget-sow-editor so-widget-sow-editor-base\"\n\t\t\t\n\t\t>\n<div class=\"siteorigin-widget-tinymce textwidget\">\n\t<p>Sozialarbeiterin\/Sozialp\u00e4dagogin<br \/>\n<a href=\"tel:06648034555591\">06648034555591<\/a><br \/>\n<a href=\"mailto:miriam.hoheisel@bildung-stmk.gv.at\">miriam.hoheisel@bildung-stmk.gv.at<\/a><\/p>\n<\/div>\n<\/div><\/div><\/div><\/div><\/div>","protected":false},"excerpt":{"rendered":"<p>Ich bin als Teil des Psychosozialen Unterst\u00fctzungsteams der Schulpsychologie Steiermark an dieser Schule t\u00e4tig. Mein Angebot ist freiwillig, kostenlos und grunds\u00e4tzlich vertraulich. Ich bin Ansprechperson bei psychosozialen Anliegen f\u00fcr Sch\u00fclerinnen und Sch\u00fcler, Lehrerinnen und Lehrer und Eltern bzw. Erziehungsberechtigte und bem\u00fche mich auf die Bed\u00fcrfnisse der einzelnen Gruppen einzugehen und als Br\u00fccke zwischen ihnen zu [&hellip;]<\/p>\n","protected":false},"author":4,"featured_media":8845,"parent":8825,"menu_order":0,"comment_status":"closed","ping_status":"closed","template":"","meta":{"_uag_custom_page_level_css":"","footnotes":""},"class_list":["post-8840","page","type-page","status-publish","has-post-thumbnail","czr-hentry"],"uagb_featured_image_src":{"full":["https:\/\/ms-graz-stjohann.at\/cms\/wp-content\/uploads\/2022\/03\/studenten-die-einer-studiengruppe-arbeiten-scaled.jpg",2560,1706,false],"thumbnail":["https:\/\/ms-graz-stjohann.at\/cms\/wp-content\/uploads\/2022\/03\/studenten-die-einer-studiengruppe-arbeiten-150x150.jpg",150,150,true],"medium":["https:\/\/ms-graz-stjohann.at\/cms\/wp-content\/uploads\/2022\/03\/studenten-die-einer-studiengruppe-arbeiten-300x200.jpg",300,200,true],"medium_large":["https:\/\/ms-graz-stjohann.at\/cms\/wp-content\/uploads\/2022\/03\/studenten-die-einer-studiengruppe-arbeiten-768x512.jpg",768,512,true],"large":["https:\/\/ms-graz-stjohann.at\/cms\/wp-content\/uploads\/2022\/03\/studenten-die-einer-studiengruppe-arbeiten-1024x683.jpg",1024,683,true],"1536x1536":["https:\/\/ms-graz-stjohann.at\/cms\/wp-content\/uploads\/2022\/03\/studenten-die-einer-studiengruppe-arbeiten-1536x1024.jpg",1536,1024,true],"2048x2048":["https:\/\/ms-graz-stjohann.at\/cms\/wp-content\/uploads\/2022\/03\/studenten-die-einer-studiengruppe-arbeiten-2048x1365.jpg",2048,1365,true],"tc-grid-full":["https:\/\/ms-graz-stjohann.at\/cms\/wp-content\/uploads\/2022\/03\/studenten-die-einer-studiengruppe-arbeiten-1110x444.jpg",1110,444,true],"tc-grid":["https:\/\/ms-graz-stjohann.at\/cms\/wp-content\/uploads\/2022\/03\/studenten-die-einer-studiengruppe-arbeiten-570x350.jpg",570,350,true],"tc-thumb":["https:\/\/ms-graz-stjohann.at\/cms\/wp-content\/uploads\/2022\/03\/studenten-die-einer-studiengruppe-arbeiten-270x250.jpg",270,250,true],"slider-full":["https:\/\/ms-graz-stjohann.at\/cms\/wp-content\/uploads\/2022\/03\/studenten-die-einer-studiengruppe-arbeiten-5000x325.jpg",5000,325,true],"slider":["https:\/\/ms-graz-stjohann.at\/cms\/wp-content\/uploads\/2022\/03\/studenten-die-einer-studiengruppe-arbeiten-1110x325.jpg",1110,325,true],"tc-sq-thumb":["https:\/\/ms-graz-stjohann.at\/cms\/wp-content\/uploads\/2022\/03\/studenten-die-einer-studiengruppe-arbeiten-510x510.jpg",510,510,true],"tc-ws-thumb":["https:\/\/ms-graz-stjohann.at\/cms\/wp-content\/uploads\/2022\/03\/studenten-die-einer-studiengruppe-arbeiten-1110x624.jpg",1110,624,true],"tc-ws-small-thumb":["https:\/\/ms-graz-stjohann.at\/cms\/wp-content\/uploads\/2022\/03\/studenten-die-einer-studiengruppe-arbeiten-528x297.jpg",528,297,true],"tc-slider-small":["https:\/\/ms-graz-stjohann.at\/cms\/wp-content\/uploads\/2022\/03\/studenten-die-einer-studiengruppe-arbeiten-517x152.jpg",517,152,true],"sow-carousel-default":["https:\/\/ms-graz-stjohann.at\/cms\/wp-content\/uploads\/2022\/03\/studenten-die-einer-studiengruppe-arbeiten-272x182.jpg",272,182,true]},"uagb_author_info":{"display_name":"Alexander Lehner","author_link":"https:\/\/ms-graz-stjohann.at\/cms\/author\/alexander-lehner\/"},"uagb_comment_info":0,"uagb_excerpt":"Ich bin als Teil des Psychosozialen Unterst\u00fctzungsteams der Schulpsychologie Steiermark an dieser Schule t\u00e4tig. Mein Angebot ist freiwillig, kostenlos und grunds\u00e4tzlich vertraulich. Ich bin Ansprechperson bei psychosozialen Anliegen f\u00fcr Sch\u00fclerinnen und Sch\u00fcler, Lehrerinnen und Lehrer und Eltern bzw. Erziehungsberechtigte und bem\u00fche mich auf die Bed\u00fcrfnisse der einzelnen Gruppen einzugehen und als Br\u00fccke zwischen ihnen zu&hellip;","_links":{"self":[{"href":"https:\/\/ms-graz-stjohann.at\/cms\/wp-json\/wp\/v2\/pages\/8840","targetHints":{"allow":["GET"]}}],"collection":[{"href":"https:\/\/ms-graz-stjohann.at\/cms\/wp-json\/wp\/v2\/pages"}],"about":[{"href":"https:\/\/ms-graz-stjohann.at\/cms\/wp-json\/wp\/v2\/types\/page"}],"author":[{"embeddable":true,"href":"https:\/\/ms-graz-stjohann.at\/cms\/wp-json\/wp\/v2\/users\/4"}],"replies":[{"embeddable":true,"href":"https:\/\/ms-graz-stjohann.at\/cms\/wp-json\/wp\/v2\/comments?post=8840"}],"version-history":[{"count":1,"href":"https:\/\/ms-graz-stjohann.at\/cms\/wp-json\/wp\/v2\/pages\/8840\/revisions"}],"predecessor-version":[{"id":8844,"href":"https:\/\/ms-graz-stjohann.at\/cms\/wp-json\/wp\/v2\/pages\/8840\/revisions\/8844"}],"up":[{"embeddable":true,"href":"https:\/\/ms-graz-stjohann.at\/cms\/wp-json\/wp\/v2\/pages\/8825"}],"wp:featuredmedia":[{"embeddable":true,"href":"https:\/\/ms-graz-stjohann.at\/cms\/wp-json\/wp\/v2\/media\/8845"}],"wp:attachment":[{"href":"https:\/\/ms-graz-stjohann.at\/cms\/wp-json\/wp\/v2\/media?parent=8840"}],"curies":[{"name":"wp","href":"https:\/\/api.w.org\/{rel}","templated":true}]}}